{"id":27740,"date":"2025-05-06T11:40:33","date_gmt":"2025-05-06T09:40:33","guid":{"rendered":"https:\/\/www.vsveicolispeciali.com\/?page_id=27740"},"modified":"2025-08-13T12:38:43","modified_gmt":"2025-08-13T10:38:43","slug":"piaggio-porter-fx","status":"publish","type":"page","link":"https:\/\/www.vsveicolispeciali.com\/fr\/vs-innovation-lab\/piaggio-porter-fx\/","title":{"rendered":"Piaggio Porter FX"},"content":{"rendered":"<div class=\"wpb-content-wrapper\"><p>[vc_row css_animation=\u00a0\u00bb\u00a0\u00bb row_type=\u00a0\u00bbrow\u00a0\u00bb use_row_as_full_screen_section=\u00a0\u00bbno\u00a0\u00bb type=\u00a0\u00bbgrid\u00a0\u00bb angled_section=\u00a0\u00bbno\u00a0\u00bb text_align=\u00a0\u00bbleft\u00a0\u00bb background_image_as_pattern=\u00a0\u00bbwithout_pattern\u00a0\u00bb][vc_column][vc_separator type=\u00a0\u00bbtransparent\u00a0\u00bb thickness=\u00a0\u00bb50&Prime; up=\u00a0\u00bb0&Prime; down=\u00a0\u00bb0&Prime;][vc_column_text css=\u00a0\u00bb\u00a0\u00bb]<\/p>\n<h2 style=\"text-align: center;\">Street food avec style et libert\u00e9<\/h2>\n<p>[\/vc_column_text][vc_separator type=\u00a0\u00bbsmall\u00a0\u00bb position=\u00a0\u00bbcenter\u00a0\u00bb][vc_row_inner row_type=\u00a0\u00bbrow\u00a0\u00bb type=\u00a0\u00bbfull_width\u00a0\u00bb text_align=\u00a0\u00bbleft\u00a0\u00bb css_animation=\u00a0\u00bb\u00a0\u00bb][vc_column_inner width=\u00a0\u00bb1\/2&Prime;][vc_column_text][\/vc_column_text][vc_column_text css=\u00a0\u00bb\u00a0\u00bb]Con\u00e7u pour ceux qui souhaitent entrer dans le monde du <strong>street food<\/strong> avec style et libert\u00e9, le Porter FX repr\u00e9sente la parfaite combinaison entre fonctionnalit\u00e9 et praticit\u00e9.<\/p>\n<p>&nbsp;<\/p>\n<p>Le Porter FX offre trois atouts majeurs :<\/p>\n<ul class=\"lista\">\n<li><strong>Facilit\u00e9 d\u2019utilisation<\/strong> : gr\u00e2ce \u00e0 un ch\u00e2ssis abaiss\u00e9 \u00e0 seulement 35 cm du sol et un toit fixe avec ouverture lat\u00e9rale, l\u2019installation est extr\u00eamement simple et le service aux clients se fait de mani\u00e8re naturelle, pour une interaction sans barri\u00e8res ;<\/li>\n<li><strong>5X versions<\/strong> : cinq configurations diff\u00e9rentes \u2014 caf\u00e9, pizzeria, bar \u00e0 cocktails, brasserie, glacier \u2014 o\u00f9 chaque espace est optimis\u00e9 pour tirer le meilleur parti de la zone de travail ;<\/li>\n<li><strong>\u00c9cologique<\/strong> : avec environ 4 m\u00b2 de toit, il est possible d\u2019installer jusqu\u2019\u00e0 4 panneaux photovolta\u00efques pour alimenter le syst\u00e8me \u00e0 batteries, offrant ainsi une plus grande autonomie \u00e9lectrique, tout en respectant l\u2019environnement et en am\u00e9liorant le confort des op\u00e9rateurs et des clients.<\/li>\n<\/ul>\n<p>[\/vc_column_text][\/vc_column_inner][vc_column_inner width=\u00a0\u00bb1\/2&Prime;][vc_column_text css=\u00a0\u00bb\u00a0\u00bb]Conduisible avec un permis B et homologu\u00e9 pour la circulation sur autoroute, le Porter FX est \u00e9quip\u00e9 d\u2019un r\u00e9servoir GPL et d\u2019un r\u00e9servoir \u00e0 essence pour une <strong>double alimentation<\/strong>, ce qui vous permet d\u2019effectuer de longs trajets.<\/p>\n<p>&nbsp;<\/p>\n<p>Et \u00e0 l\u2019arriv\u00e9e ? <strong>L\u2019installation s\u2019ouvre en un instant<\/strong> et, en moins de 30 secondes, vous \u00eates pr\u00eat \u00e0 servir vos clients.<\/p>\n<p>&nbsp;<\/p>\n<p>Pendant le service, la marche arri\u00e8re escamotable et l\u2019entr\u00e9e arri\u00e8re s\u00e9par\u00e9e garantissent un <strong>acc\u00e8s pratique et discret \u00e0 la zone de travail<\/strong>.[\/vc_column_text][\/vc_column_inner][\/vc_row_inner][\/vc_column][\/vc_row][vc_row css_animation=\u00a0\u00bb\u00a0\u00bb row_type=\u00a0\u00bbrow\u00a0\u00bb use_row_as_full_screen_section=\u00a0\u00bbno\u00a0\u00bb type=\u00a0\u00bbfull_width\u00a0\u00bb angled_section=\u00a0\u00bbno\u00a0\u00bb text_align=\u00a0\u00bbleft\u00a0\u00bb background_image_as_pattern=\u00a0\u00bbwithout_pattern\u00a0\u00bb z_index=\u00a0\u00bb\u00a0\u00bb css=\u00a0\u00bb.vc_custom_1662992004078{margin-top: 5% !important;margin-bottom: 5% !important;}\u00a0\u00bb el_class=\u00a0\u00bbriga-slide\u00a0\u00bb][vc_column][qode_elements_holder number_of_columns=\u00a0\u00bbtwo_columns\u00a0\u00bb columns_proportion=\u00a0\u00bb66_33&Prime; switch_to_one_column=\u00a0\u00bb1000&Prime;][qode_elements_holder_item vertical_alignment=\u00a0\u00bbmiddle\u00a0\u00bb advanced_animations=\u00a0\u00bbno\u00a0\u00bb background_color=\u00a0\u00bb#0d3d66&Prime;][vc_gallery type=\u00a0\u00bbflexslider_slide\u00a0\u00bb interval=\u00a0\u00bb5&Prime; images=\u00a0\u00bb28377,28247,28243,28233&Prime; img_size=\u00a0\u00bbfull\u00a0\u00bb css=\u00a0\u00bb\u00a0\u00bb][\/qode_elements_holder_item][qode_elements_holder_item advanced_animations=\u00a0\u00bbyes\u00a0\u00bb start_position=\u00a0\u00bbbottom\u00a0\u00bb end_position=\u00a0\u00bbcenter\u00a0\u00bb background_color=\u00a0\u00bb#000000&Prime; item_padding=\u00a0\u00bb3% 6%\u00a0\u00bb item_padding_1280_1440=\u00a0\u00bb0% 15%\u00a0\u00bb item_padding_1024_1280=\u00a0\u00bb3% 6%\u00a0\u00bb custom_class=\u00a0\u00bbcar-tecniche\u00a0\u00bb item_padding_768_1024=\u00a0\u00bb3% 6%\u00a0\u00bb item_padding_600_768=\u00a0\u00bb3% 6%\u00a0\u00bb item_padding_480_600=\u00a0\u00bb3% 6%\u00a0\u00bb item_padding_480=\u00a0\u00bb3% 6%\u00a0\u00bb]<div class=\"qode-specification-list\">\n\t\t<div class=\"qode-specification-list-text-holder\">\n\t\t<h3 class=\"qode-specification-list-title\">\n\t\t\t\u00c9cologique et connect\u00e9\t\t<\/h3>\n\t\t<div class=\"qode-specification-list-items\">\n\t\t\t\t\t\t\t<div class=\"qode-specification-list-item\">\n\t\t\t\t\t<span class=\"qode-specification-list-item-label\">\n\t\t\t\t\t\t5 Configurations\t\t\t\t\t<\/span>\n\t\t\t\t\t<span class=\"qode-specification-list-item-value\">\n\t\t\t\t\t\tPizza, bi\u00e8re, caf\u00e9, cocktails et glace : choisissez votre am\u00e9nagement et commencez \u00e0 vendre.\t\t\t\t\t<\/span>\n\t\t\t\t<\/div>\n\t\t\t\t\t\t\t<div class=\"qode-specification-list-item\">\n\t\t\t\t\t<span class=\"qode-specification-list-item-label\">\n\t\t\t\t\t\tAutonomie et gestion\t\t\t\t\t<\/span>\n\t\t\t\t\t<span class=\"qode-specification-list-item-value\">\n\t\t\t\t\t\tGr\u00e2ce aux panneaux solaires et aux batteries, et avec le syst\u00e8me Extra pour la gestion \u00e0 distance, vous disposez d\u2019un food truck \u00e0 la pointe de la technologie, autonome, \u00e9cologique et intelligent. Rechargez avec le soleil, stockez l\u2019\u00e9nergie et contr\u00f4lez \u00e0 distance : temp\u00e9rature, niveau des batteries, position du food truck, etc.\t\t\t\t\t<\/span>\n\t\t\t\t<\/div>\n\t\t\t\t\t\t\t<div class=\"qode-specification-list-item\">\n\t\t\t\t\t<span class=\"qode-specification-list-item-label\">\n\t\t\t\t\t\tZ\u00e9ro maintenance\t\t\t\t\t<\/span>\n\t\t\t\t\t<span class=\"qode-specification-list-item-value\">\n\t\t\t\t\t\tAvec le syst\u00e8me \u00e0 batteries et le toit fixe, plus besoin de r\u00e9visions ou d\u2019entretiens programm\u00e9s. Vous n\u2019aurez qu\u2019\u00e0 vous concentrer sur votre activit\u00e9.\t\t\t\t\t<\/span>\n\t\t\t\t<\/div>\n\t\t\t\t\t<\/div>\n\t<\/div>\n\t<\/div>[\/qode_elements_holder_item][\/qode_elements_holder][\/vc_column][\/vc_row][vc_row css_animation=\u00a0\u00bb\u00a0\u00bb row_type=\u00a0\u00bbrow\u00a0\u00bb use_row_as_full_screen_section=\u00a0\u00bbno\u00a0\u00bb type=\u00a0\u00bbgrid\u00a0\u00bb angled_section=\u00a0\u00bbno\u00a0\u00bb text_align=\u00a0\u00bbleft\u00a0\u00bb background_image_as_pattern=\u00a0\u00bbwithout_pattern\u00a0\u00bb][vc_column][vc_row_inner row_type=\u00a0\u00bbrow\u00a0\u00bb type=\u00a0\u00bbfull_width\u00a0\u00bb text_align=\u00a0\u00bbleft\u00a0\u00bb css_animation=\u00a0\u00bb\u00a0\u00bb][vc_column_inner width=\u00a0\u00bb1\/2&Prime;][vc_column_text css=\u00a0\u00bb\u00a0\u00bb]\u00c0 l\u2019int\u00e9rieur, tout ce qu\u2019il faut pour <strong>travailler dans les meilleures conditions<\/strong>\u00a0:<\/p>\n<ul class=\"lista\">\n<li>plans de travail en acier inoxydable ;<\/li>\n<li>r\u00e9frig\u00e9rateurs sur mesure ;<\/li>\n<li>syst\u00e8me d\u2019eau autonome avec r\u00e9servoirs int\u00e9gr\u00e9s ;<\/li>\n<li>rangements muraux ;<\/li>\n<li>4 lignes d\u2019\u00e9clairage LED ;<\/li>\n<li>installations conformes aux normes ;<\/li>\n<li>sol lavable avec protection en acier inoxydable.<\/li>\n<\/ul>\n<p>&nbsp;<\/p>\n<p>Le <strong>food truck Porter FX<\/strong> est divis\u00e9 en 3 zones bien distinctes, con\u00e7ues pour am\u00e9liorer la productivit\u00e9 :<\/p>\n<ul class=\"lista\">\n<li>zone de pr\u00e9paration et de stockage ;<\/li>\n<li>zone de cuisson ;<\/li>\n<li>zone de service client.<\/li>\n<\/ul>\n<p>[\/vc_column_text][\/vc_column_inner][vc_column_inner width=\u00a0\u00bb1\/2&Prime;][vc_column_text css=\u00a0\u00bb\u00a0\u00bb]Par exemple, voici l\u2019am\u00e9nagement de la <strong>configuration pizzeria<\/strong> :<\/p>\n<p>&nbsp;<\/p>\n<p>ZONE DE PR\u00c9PARATION ET DE STOCKAGE<br \/>\nAvec 1 m\u00e8tre de plan de travail et des bacs \u00e0 garnitures suspendus au-dessus, il est possible d\u2019\u00e9taler et garnir les pizzas sans g\u00eane. Le r\u00e9frig\u00e9rateur \u00e0 deux portes, situ\u00e9 sous le plan de travail, assure un approvisionnement imm\u00e9diat.<\/p>\n<p>&nbsp;<\/p>\n<p>ZONE DE CUISSON<br \/>\n\u00c9quip\u00e9e d\u2019un four \u00e0 gaz\/bois pour 4 pizzas, avec extraction de la chaleur vers l\u2019ext\u00e9rieur via une canalisation sur le toit. Sous le four, un espace permet de stocker les bacs de p\u00e2tons.<\/p>\n<p>&nbsp;<\/p>\n<p>ZONE DE VENTE<br \/>\nDot\u00e9e d\u2019un comptoir coulissant en acier inoxydable avec protection vitr\u00e9e frontale, d\u2019un grand espace ouvert pour le stockage des emballages sous le plan de travail et d\u2019un meuble mural au-dessus du comptoir. Des prises \u00e9lectriques sont \u00e9galement disponibles pour la caisse enregistreuse et de petits appareils.[\/vc_column_text][\/vc_column_inner][\/vc_row_inner][vc_separator type=\u00a0\u00bbtransparent\u00a0\u00bb thickness=\u00a0\u00bb40&Prime; up=\u00a0\u00bb0&Prime; down=\u00a0\u00bb0&Prime;][\/vc_column][\/vc_row][vc_row css_animation=\u00a0\u00bb\u00a0\u00bb row_type=\u00a0\u00bbrow\u00a0\u00bb use_row_as_full_screen_section=\u00a0\u00bbno\u00a0\u00bb type=\u00a0\u00bbfull_width\u00a0\u00bb angled_section=\u00a0\u00bbno\u00a0\u00bb text_align=\u00a0\u00bbleft\u00a0\u00bb background_image_as_pattern=\u00a0\u00bbwithout_pattern\u00a0\u00bb z_index=\u00a0\u00bb\u00a0\u00bb][vc_column][vc_separator type=\u00a0\u00bbtransparent\u00a0\u00bb thickness=\u00a0\u00bb40&Prime; up=\u00a0\u00bb0&Prime; down=\u00a0\u00bb0&Prime;][vc_column_text css=\u00a0\u00bb\u00a0\u00bb]<div class=\"epyt-video-wrapper\"><iframe loading=\"lazy\"  id=\"_ytid_23363\"  width=\"1060\" height=\"596\"  data-origwidth=\"1060\" data-origheight=\"596\"  data-relstop=\"1\" src=\"https:\/\/www.youtube.com\/embed\/rhHbHOppBB8?enablejsapi=1&autoplay=0&cc_load_policy=0&cc_lang_pref=&iv_load_policy=1&loop=0&rel=0&fs=1&playsinline=0&autohide=2&theme=dark&color=red&controls=1&\" class=\"__youtube_prefs__  no-lazyload\" title=\"YouTube player\"  allow=\"fullscreen; accelerometer; autoplay; clipboard-write; encrypted-media; gyroscope; picture-in-picture\" allowfullscreen data-no-lazy=\"1\" data-skipgform_ajax_framebjll=\"\"><\/iframe><\/div>[\/vc_column_text][\/vc_column][\/vc_row][vc_row css_animation=\u00a0\u00bb\u00a0\u00bb row_type=\u00a0\u00bbrow\u00a0\u00bb use_row_as_full_screen_section=\u00a0\u00bbno\u00a0\u00bb type=\u00a0\u00bbfull_width\u00a0\u00bb angled_section=\u00a0\u00bbno\u00a0\u00bb text_align=\u00a0\u00bbleft\u00a0\u00bb background_image_as_pattern=\u00a0\u00bbwithout_pattern\u00a0\u00bb][vc_column]<a  itemprop=\"url\" href=\"http:\/\/www.vsveicolispeciali.com\/fr\/contacts_vs\/\" target=\"_self\"  class=\"qbutton  big_large_full_width center enlarge\" style=\"\">CONTACTEZ-NOUS<i class=\"qode_icon_font_awesome fa fa-envelope qode_button_icon_element\" style=\"\" ><\/i><\/a>[\/vc_column][\/vc_row]<\/p>\n<\/div>","protected":false},"excerpt":{"rendered":"<p>[vc_row css_animation=\u00a0\u00bb\u00a0\u00bb row_type=\u00a0\u00bbrow\u00a0\u00bb use_row_as_full_screen_section=\u00a0\u00bbno\u00a0\u00bb type=\u00a0\u00bbgrid\u00a0\u00bb angled_section=\u00a0\u00bbno\u00a0\u00bb text_align=\u00a0\u00bbleft\u00a0\u00bb background_image_as_pattern=\u00a0\u00bbwithout_pattern\u00a0\u00bb][vc_column][vc_separator type=\u00a0\u00bbtransparent\u00a0\u00bb thickness=\u00a0\u00bb50&Prime; up=\u00a0\u00bb0&Prime; down=\u00a0\u00bb0&Prime;][vc_column_text css=\u00a0\u00bb\u00a0\u00bb] Street food avec style et libert\u00e9 [\/vc_column_text][vc_separator type=\u00a0\u00bbsmall\u00a0\u00bb position=\u00a0\u00bbcenter\u00a0\u00bb][vc_row_inner row_type=\u00a0\u00bbrow\u00a0\u00bb type=\u00a0\u00bbfull_width\u00a0\u00bb text_align=\u00a0\u00bbleft\u00a0\u00bb css_animation=\u00a0\u00bb\u00a0\u00bb][vc_column_inner width=\u00a0\u00bb1\/2&Prime;][vc_column_text][\/vc_column_text][vc_column_text css=\u00a0\u00bb\u00a0\u00bb]Con\u00e7u pour ceux qui souhaitent entrer dans le monde du street food avec style et libert\u00e9, le Porter&#8230;<\/p>\n","protected":false},"author":1001012,"featured_media":0,"parent":15186,"menu_order":3,"comment_status":"closed","ping_status":"closed","template":"full_width.php","meta":{"footnotes":""},"class_list":["post-27740","page","type-page","status-publish","hentry"],"yoast_head":"<!-- This site is optimized with the Yoast SEO plugin v25.4 - https:\/\/yoast.com\/wordpress\/plugins\/seo\/ -->\n<title>Piaggio Porter FX | Street Food avec Style et Libert\u00e9<\/title>\n<meta name=\"description\" content=\"Le food truck Porter FX est une solution intelligente pour les grandes ambitions et les budgets limit\u00e9s. D\u00e9couvrez ses fonctionnalit\u00e9s &gt;\" \/>\n<meta name=\"robots\" content=\"index, follow, max-snippet:-1, max-image-preview:large, max-video-preview:-1\" \/>\n<link rel=\"canonical\" href=\"https:\/\/www.vsveicolispeciali.com\/fr\/vs-innovation-lab\/piaggio-porter-fx\/\" \/>\n<meta property=\"og:locale\" content=\"fr_FR\" \/>\n<meta property=\"og:type\" content=\"article\" \/>\n<meta property=\"og:title\" content=\"Piaggio Porter FX | Street Food avec Style et Libert\u00e9\" \/>\n<meta property=\"og:description\" content=\"Le food truck Porter FX est une solution intelligente pour les grandes ambitions et les budgets limit\u00e9s. D\u00e9couvrez ses fonctionnalit\u00e9s &gt;\" \/>\n<meta property=\"og:url\" content=\"https:\/\/www.vsveicolispeciali.com\/fr\/vs-innovation-lab\/piaggio-porter-fx\/\" \/>\n<meta property=\"og:site_name\" content=\"VS Veicoli Speciali\" \/>\n<meta property=\"article:publisher\" content=\"https:\/\/www.facebook.com\/VSVeicoliSpeciali.Food.Trucks\/\" \/>\n<meta property=\"article:modified_time\" content=\"2025-08-13T10:38:43+00:00\" \/>\n<meta name=\"twitter:card\" content=\"summary_large_image\" \/>\n<meta name=\"twitter:site\" content=\"@veicolispeciali\" \/>\n<meta name=\"twitter:label1\" content=\"Dur\u00e9e de lecture estim\u00e9e\" \/>\n\t<meta name=\"twitter:data1\" content=\"4 minutes\" \/>\n<script type=\"application\/ld+json\" class=\"yoast-schema-graph\">{\"@context\":\"https:\/\/schema.org\",\"@graph\":[{\"@type\":\"WebPage\",\"@id\":\"https:\/\/www.vsveicolispeciali.com\/fr\/vs-innovation-lab\/piaggio-porter-fx\/\",\"url\":\"https:\/\/www.vsveicolispeciali.com\/fr\/vs-innovation-lab\/piaggio-porter-fx\/\",\"name\":\"Piaggio Porter FX | Street Food avec Style et Libert\u00e9\",\"isPartOf\":{\"@id\":\"https:\/\/www.vsveicolispeciali.com\/fr\/#website\"},\"datePublished\":\"2025-05-06T09:40:33+00:00\",\"dateModified\":\"2025-08-13T10:38:43+00:00\",\"description\":\"Le food truck Porter FX est une solution intelligente pour les grandes ambitions et les budgets limit\u00e9s. D\u00e9couvrez ses fonctionnalit\u00e9s >\",\"breadcrumb\":{\"@id\":\"https:\/\/www.vsveicolispeciali.com\/fr\/vs-innovation-lab\/piaggio-porter-fx\/#breadcrumb\"},\"inLanguage\":\"fr-FR\",\"potentialAction\":[{\"@type\":\"ReadAction\",\"target\":[\"https:\/\/www.vsveicolispeciali.com\/fr\/vs-innovation-lab\/piaggio-porter-fx\/\"]}]},{\"@type\":\"BreadcrumbList\",\"@id\":\"https:\/\/www.vsveicolispeciali.com\/fr\/vs-innovation-lab\/piaggio-porter-fx\/#breadcrumb\",\"itemListElement\":[{\"@type\":\"ListItem\",\"position\":1,\"name\":\"Home\",\"item\":\"https:\/\/www.vsveicolispeciali.com\/fr\/\"},{\"@type\":\"ListItem\",\"position\":2,\"name\":\"VS Innovation Lab\",\"item\":\"https:\/\/www.vsveicolispeciali.com\/fr\/vs-innovation-lab\/\"},{\"@type\":\"ListItem\",\"position\":3,\"name\":\"Piaggio Porter FX\"}]},{\"@type\":\"WebSite\",\"@id\":\"https:\/\/www.vsveicolispeciali.com\/fr\/#website\",\"url\":\"https:\/\/www.vsveicolispeciali.com\/fr\/\",\"name\":\"VS Veicoli Speciali\",\"description\":\"\",\"publisher\":{\"@id\":\"https:\/\/www.vsveicolispeciali.com\/fr\/#organization\"},\"potentialAction\":[{\"@type\":\"SearchAction\",\"target\":{\"@type\":\"EntryPoint\",\"urlTemplate\":\"https:\/\/www.vsveicolispeciali.com\/fr\/?s={search_term_string}\"},\"query-input\":{\"@type\":\"PropertyValueSpecification\",\"valueRequired\":true,\"valueName\":\"search_term_string\"}}],\"inLanguage\":\"fr-FR\"},{\"@type\":\"Organization\",\"@id\":\"https:\/\/www.vsveicolispeciali.com\/fr\/#organization\",\"name\":\"VS Veicoli Speciali\",\"url\":\"https:\/\/www.vsveicolispeciali.com\/fr\/\",\"logo\":{\"@type\":\"ImageObject\",\"inLanguage\":\"fr-FR\",\"@id\":\"https:\/\/www.vsveicolispeciali.com\/fr\/#\/schema\/logo\/image\/\",\"url\":\"http:\/\/www.vsveicolispeciali.com\/wp-content\/uploads\/2015\/05\/vs_veicoli_speciali-logo.png\",\"contentUrl\":\"http:\/\/www.vsveicolispeciali.com\/wp-content\/uploads\/2015\/05\/vs_veicoli_speciali-logo.png\",\"width\":252,\"height\":134,\"caption\":\"VS Veicoli Speciali\"},\"image\":{\"@id\":\"https:\/\/www.vsveicolispeciali.com\/fr\/#\/schema\/logo\/image\/\"},\"sameAs\":[\"https:\/\/www.facebook.com\/VSVeicoliSpeciali.Food.Trucks\/\",\"https:\/\/x.com\/veicolispeciali\",\"https:\/\/www.instagram.com\/vs_veicolispeciali\/\",\"https:\/\/www.linkedin.com\/company\/2811960\/\",\"https:\/\/www.pinterest.com\/streetfoodtruck\/\",\"https:\/\/www.youtube.com\/user\/veicolispeciali\"]}]}<\/script>\n<!-- \/ Yoast SEO plugin. -->","yoast_head_json":{"title":"Piaggio Porter FX | Street Food avec Style et Libert\u00e9","description":"Le food truck Porter FX est une solution intelligente pour les grandes ambitions et les budgets limit\u00e9s. D\u00e9couvrez ses fonctionnalit\u00e9s >","robots":{"index":"index","follow":"follow","max-snippet":"max-snippet:-1","max-image-preview":"max-image-preview:large","max-video-preview":"max-video-preview:-1"},"canonical":"https:\/\/www.vsveicolispeciali.com\/fr\/vs-innovation-lab\/piaggio-porter-fx\/","og_locale":"fr_FR","og_type":"article","og_title":"Piaggio Porter FX | Street Food avec Style et Libert\u00e9","og_description":"Le food truck Porter FX est une solution intelligente pour les grandes ambitions et les budgets limit\u00e9s. D\u00e9couvrez ses fonctionnalit\u00e9s >","og_url":"https:\/\/www.vsveicolispeciali.com\/fr\/vs-innovation-lab\/piaggio-porter-fx\/","og_site_name":"VS Veicoli Speciali","article_publisher":"https:\/\/www.facebook.com\/VSVeicoliSpeciali.Food.Trucks\/","article_modified_time":"2025-08-13T10:38:43+00:00","twitter_card":"summary_large_image","twitter_site":"@veicolispeciali","twitter_misc":{"Dur\u00e9e de lecture estim\u00e9e":"4 minutes"},"schema":{"@context":"https:\/\/schema.org","@graph":[{"@type":"WebPage","@id":"https:\/\/www.vsveicolispeciali.com\/fr\/vs-innovation-lab\/piaggio-porter-fx\/","url":"https:\/\/www.vsveicolispeciali.com\/fr\/vs-innovation-lab\/piaggio-porter-fx\/","name":"Piaggio Porter FX | Street Food avec Style et Libert\u00e9","isPartOf":{"@id":"https:\/\/www.vsveicolispeciali.com\/fr\/#website"},"datePublished":"2025-05-06T09:40:33+00:00","dateModified":"2025-08-13T10:38:43+00:00","description":"Le food truck Porter FX est une solution intelligente pour les grandes ambitions et les budgets limit\u00e9s. D\u00e9couvrez ses fonctionnalit\u00e9s >","breadcrumb":{"@id":"https:\/\/www.vsveicolispeciali.com\/fr\/vs-innovation-lab\/piaggio-porter-fx\/#breadcrumb"},"inLanguage":"fr-FR","potentialAction":[{"@type":"ReadAction","target":["https:\/\/www.vsveicolispeciali.com\/fr\/vs-innovation-lab\/piaggio-porter-fx\/"]}]},{"@type":"BreadcrumbList","@id":"https:\/\/www.vsveicolispeciali.com\/fr\/vs-innovation-lab\/piaggio-porter-fx\/#breadcrumb","itemListElement":[{"@type":"ListItem","position":1,"name":"Home","item":"https:\/\/www.vsveicolispeciali.com\/fr\/"},{"@type":"ListItem","position":2,"name":"VS Innovation Lab","item":"https:\/\/www.vsveicolispeciali.com\/fr\/vs-innovation-lab\/"},{"@type":"ListItem","position":3,"name":"Piaggio Porter FX"}]},{"@type":"WebSite","@id":"https:\/\/www.vsveicolispeciali.com\/fr\/#website","url":"https:\/\/www.vsveicolispeciali.com\/fr\/","name":"VS Veicoli Speciali","description":"","publisher":{"@id":"https:\/\/www.vsveicolispeciali.com\/fr\/#organization"},"potentialAction":[{"@type":"SearchAction","target":{"@type":"EntryPoint","urlTemplate":"https:\/\/www.vsveicolispeciali.com\/fr\/?s={search_term_string}"},"query-input":{"@type":"PropertyValueSpecification","valueRequired":true,"valueName":"search_term_string"}}],"inLanguage":"fr-FR"},{"@type":"Organization","@id":"https:\/\/www.vsveicolispeciali.com\/fr\/#organization","name":"VS Veicoli Speciali","url":"https:\/\/www.vsveicolispeciali.com\/fr\/","logo":{"@type":"ImageObject","inLanguage":"fr-FR","@id":"https:\/\/www.vsveicolispeciali.com\/fr\/#\/schema\/logo\/image\/","url":"http:\/\/www.vsveicolispeciali.com\/wp-content\/uploads\/2015\/05\/vs_veicoli_speciali-logo.png","contentUrl":"http:\/\/www.vsveicolispeciali.com\/wp-content\/uploads\/2015\/05\/vs_veicoli_speciali-logo.png","width":252,"height":134,"caption":"VS Veicoli Speciali"},"image":{"@id":"https:\/\/www.vsveicolispeciali.com\/fr\/#\/schema\/logo\/image\/"},"sameAs":["https:\/\/www.facebook.com\/VSVeicoliSpeciali.Food.Trucks\/","https:\/\/x.com\/veicolispeciali","https:\/\/www.instagram.com\/vs_veicolispeciali\/","https:\/\/www.linkedin.com\/company\/2811960\/","https:\/\/www.pinterest.com\/streetfoodtruck\/","https:\/\/www.youtube.com\/user\/veicolispeciali"]}]}},"_links":{"self":[{"href":"https:\/\/www.vsveicolispeciali.com\/fr\/wp-json\/wp\/v2\/pages\/27740"}],"collection":[{"href":"https:\/\/www.vsveicolispeciali.com\/fr\/wp-json\/wp\/v2\/pages"}],"about":[{"href":"https:\/\/www.vsveicolispeciali.com\/fr\/wp-json\/wp\/v2\/types\/page"}],"author":[{"embeddable":true,"href":"https:\/\/www.vsveicolispeciali.com\/fr\/wp-json\/wp\/v2\/users\/1001012"}],"replies":[{"embeddable":true,"href":"https:\/\/www.vsveicolispeciali.com\/fr\/wp-json\/wp\/v2\/comments?post=27740"}],"version-history":[{"count":5,"href":"https:\/\/www.vsveicolispeciali.com\/fr\/wp-json\/wp\/v2\/pages\/27740\/revisions"}],"predecessor-version":[{"id":28455,"href":"https:\/\/www.vsveicolispeciali.com\/fr\/wp-json\/wp\/v2\/pages\/27740\/revisions\/28455"}],"up":[{"embeddable":true,"href":"https:\/\/www.vsveicolispeciali.com\/fr\/wp-json\/wp\/v2\/pages\/15186"}],"wp:attachment":[{"href":"https:\/\/www.vsveicolispeciali.com\/fr\/wp-json\/wp\/v2\/media?parent=27740"}],"curies":[{"name":"wp","href":"https:\/\/api.w.org\/{rel}","templated":true}]}}