{"id":15204,"date":"2021-11-17T19:43:37","date_gmt":"2021-11-17T18:43:37","guid":{"rendered":"http:\/\/vsveicolispeciali.com\/?page_id=15204"},"modified":"2023-04-07T20:36:03","modified_gmt":"2023-04-07T18:36:03","slug":"triporteur-electrique-ape-vcurve","status":"publish","type":"page","link":"https:\/\/www.vsveicolispeciali.com\/fr\/vs-innovation-lab\/triporteur-electrique-ape-vcurve\/","title":{"rendered":"Triporteur \u00c9lectrique Piaggio Ape V-Curve"},"content":{"rendered":"<div class=\"wpb-content-wrapper\"><p>[vc_row css_animation=\u00a0\u00bb\u00a0\u00bb row_type=\u00a0\u00bbrow\u00a0\u00bb use_row_as_full_screen_section=\u00a0\u00bbno\u00a0\u00bb type=\u00a0\u00bbgrid\u00a0\u00bb angled_section=\u00a0\u00bbno\u00a0\u00bb text_align=\u00a0\u00bbleft\u00a0\u00bb background_image_as_pattern=\u00a0\u00bbwithout_pattern\u00a0\u00bb][vc_column][vc_separator type=\u00a0\u00bbtransparent\u00a0\u00bb thickness=\u00a0\u00bb50&Prime; up=\u00a0\u00bb0&Prime; down=\u00a0\u00bb0&Prime;][vc_column_text]<\/p>\n<h2 style=\"text-align: center;\">Un triporteur \u00e9lectrique \u00e9quip\u00e9 pour la street food ou am\u00e9nag\u00e9 en boutique<\/h2>\n<p>[\/vc_column_text][vc_separator type=\u00a0\u00bbsmall\u00a0\u00bb position=\u00a0\u00bbcenter\u00a0\u00bb][vc_row_inner row_type=\u00a0\u00bbrow\u00a0\u00bb type=\u00a0\u00bbfull_width\u00a0\u00bb text_align=\u00a0\u00bbleft\u00a0\u00bb css_animation=\u00a0\u00bb\u00a0\u00bb][vc_column_inner width=\u00a0\u00bb1\/2&Prime;][vc_column_text]\u00c9volution de l\u2019iconique Ape V-Curve brevet\u00e9, le triporteur Ape V-Curve Electric dispose d\u2019un moteur 100% \u00c9LECTRIQUE, et d\u2019un\u00a0<strong>am\u00e9nagement compl\u00e8tement autonome<\/strong>\u00a0g\u00e9r\u00e9 par des batteries au lithium \u00e0 haute efficacit\u00e9. Un v\u00e9hicule innovant, \u00e9cologique et durable.<\/p>\n<p>&nbsp;<\/p>\n<p>L\u2019<strong>Ape V-Curve Electric<\/strong> est un\u00a0triporteur au moteur \u00e9lectrique\u00a0qui h\u00e9rite de la polyvalence et du\u00a0charme r\u00e9tro\u00a0qui ont fait la renomm\u00e9e de l\u2019<a href=\"https:\/\/vsveicolispeciali.com\/fr\/3-roues-piaggio-ape-v-curve-triporteur-magasin-ambulant\/\" target=\"_blank\" rel=\"noopener\">am\u00e9nagement V-Curve patented<\/a>.<\/p>\n<p>&nbsp;<\/p>\n<p>Un v\u00e9hicule que vous pouvez param\u00e9trer pour\u00a0tout <strong>type de vente<\/strong> :<\/p>\n<ul class=\"lista\">\n<li>Dans le secteur de la\u00a0street food\u00a0: des pizzas, des glaces, de la bi\u00e8re en f\u00fbt, du vin, du caf\u00e9, du sushis, tout type de restauration et de service traiteur,<\/li>\n<li>Dans le secteur de\u00a0la vente au d\u00e9tail\u00a0: de la mode, des v\u00eatements, des bijoux, des montres, des accessoires&#8230;<\/li>\n<\/ul>\n<p>[\/vc_column_text][\/vc_column_inner][vc_column_inner width=\u00a0\u00bb1\/2&Prime;][vc_column_text]Autonomie de 50 km et\u00a0temps de recharge de 3 heures seulement\u00a0(\u00e0 partir d\u2019une simple prise secteur), ce <a href=\"http:\/\/www.vsveicolispeciali.com\/fr\/amenagement-vehicules-magasin-commerce-ambulant\/triporteur-ape-piaggio-food-truck-et-vespacar-a-vendre\/piaggio-triporteur-street-food\/\">triporteur street food<\/a> modulable est le plus \u00e9cologique du march\u00e9, et vous pouvez l\u2019acheter \u00e0 un prix raisonnable.<\/p>\n<p>&nbsp;<\/p>\n<p>Ce v\u00e9hicule fonctionne avec des\u00a0<strong>batteries au lithium<\/strong>\u00a0pour la gestion de l\u2019\u00e9nergie du point de vente, avec un\u00a0<strong>kit photovolta\u00efque<\/strong>\u00a0en option pour augmenter l\u2019autonomie de travail.<\/p>\n<p>&nbsp;<\/p>\n<p>Design embl\u00e9matique, toit relevable, ergonomie soign\u00e9e et \u00e9quipements personnalisables. Impossible de r\u00e9sister aux atouts de ce\u00a0<strong>triporteur \u00e9lectrique<\/strong> et fonctionnel, que vous l\u2019utilisiez comme mini-food truck ou comme boutique ambulante.[\/vc_column_text][\/vc_column_inner][\/vc_row_inner][vc_separator type=\u00a0\u00bbtransparent\u00a0\u00bb thickness=\u00a0\u00bb40&Prime; up=\u00a0\u00bb0&Prime; down=\u00a0\u00bb0&Prime;][\/vc_column][\/vc_row][vc_row css_animation=\u00a0\u00bb\u00a0\u00bb row_type=\u00a0\u00bbrow\u00a0\u00bb use_row_as_full_screen_section=\u00a0\u00bbno\u00a0\u00bb type=\u00a0\u00bbfull_width\u00a0\u00bb angled_section=\u00a0\u00bbno\u00a0\u00bb text_align=\u00a0\u00bbleft\u00a0\u00bb background_image_as_pattern=\u00a0\u00bbwithout_pattern\u00a0\u00bb][vc_column][vc_video link=\u00a0\u00bbhttps:\/\/www.youtube.com\/watch?v=eER9HdYXc6M\u00a0\u00bb align=\u00a0\u00bbcenter\u00a0\u00bb][\/vc_column][\/vc_row][vc_row css_animation=\u00a0\u00bb\u00a0\u00bb row_type=\u00a0\u00bbrow\u00a0\u00bb use_row_as_full_screen_section=\u00a0\u00bbno\u00a0\u00bb type=\u00a0\u00bbfull_width\u00a0\u00bb angled_section=\u00a0\u00bbno\u00a0\u00bb text_align=\u00a0\u00bbleft\u00a0\u00bb background_image_as_pattern=\u00a0\u00bbwithout_pattern\u00a0\u00bb][vc_column]<a  itemprop=\"url\" href=\"http:\/\/vsveicolispeciali.com\/fr\/contacts_vs\/\" target=\"_self\"  class=\"qbutton  big_large_full_width center enlarge\" style=\"\">contactez-nous<i class=\"qode_icon_font_awesome fa fa-envelope qode_button_icon_element\" style=\"\" ><\/i><\/a>[\/vc_column][\/vc_row]<\/p>\n<\/div>","protected":false},"excerpt":{"rendered":"<p>[vc_row css_animation=\u00a0\u00bb\u00a0\u00bb row_type=\u00a0\u00bbrow\u00a0\u00bb use_row_as_full_screen_section=\u00a0\u00bbno\u00a0\u00bb type=\u00a0\u00bbgrid\u00a0\u00bb angled_section=\u00a0\u00bbno\u00a0\u00bb text_align=\u00a0\u00bbleft\u00a0\u00bb background_image_as_pattern=\u00a0\u00bbwithout_pattern\u00a0\u00bb][vc_column][vc_separator type=\u00a0\u00bbtransparent\u00a0\u00bb thickness=\u00a0\u00bb50&Prime; up=\u00a0\u00bb0&Prime; down=\u00a0\u00bb0&Prime;][vc_column_text] Un triporteur \u00e9lectrique \u00e9quip\u00e9 pour la street food ou am\u00e9nag\u00e9 en boutique [\/vc_column_text][vc_separator type=\u00a0\u00bbsmall\u00a0\u00bb position=\u00a0\u00bbcenter\u00a0\u00bb][vc_row_inner row_type=\u00a0\u00bbrow\u00a0\u00bb type=\u00a0\u00bbfull_width\u00a0\u00bb text_align=\u00a0\u00bbleft\u00a0\u00bb css_animation=\u00a0\u00bb\u00a0\u00bb][vc_column_inner width=\u00a0\u00bb1\/2&Prime;][vc_column_text]\u00c9volution de l\u2019iconique Ape V-Curve brevet\u00e9, le triporteur Ape V-Curve Electric dispose d\u2019un moteur&#8230;<\/p>\n","protected":false},"author":1001012,"featured_media":0,"parent":15186,"menu_order":3,"comment_status":"closed","ping_status":"closed","template":"full_width.php","meta":{"footnotes":""},"class_list":["post-15204","page","type-page","status-publish","hentry"],"yoast_head":"<!-- This site is optimized with the Yoast SEO plugin v25.4 - https:\/\/yoast.com\/wordpress\/plugins\/seo\/ -->\n<title>Triporteur \u00c9lectrique Piaggio Ape am\u00e9nag\u00e9 en Food Truck ou Boutique<\/title>\n<meta name=\"description\" content=\"Acheter un triporteur food truck \u00e9lectrique equip\u00e9 pour vente ambulante et \u00e9v\u00e9nements avec des\u00a0batteries au lithium\u00a0et\u00a0kit photovolta\u00efque &gt;\" \/>\n<meta name=\"robots\" content=\"index, follow, max-snippet:-1, max-image-preview:large, max-video-preview:-1\" \/>\n<link rel=\"canonical\" href=\"https:\/\/www.vsveicolispeciali.com\/fr\/vs-innovation-lab\/triporteur-electrique-ape-vcurve\/\" \/>\n<meta property=\"og:locale\" content=\"fr_FR\" \/>\n<meta property=\"og:type\" content=\"article\" \/>\n<meta property=\"og:title\" content=\"Triporteur \u00c9lectrique Piaggio Ape am\u00e9nag\u00e9 en Food Truck ou Boutique\" \/>\n<meta property=\"og:description\" content=\"Acheter un triporteur food truck \u00e9lectrique equip\u00e9 pour vente ambulante et \u00e9v\u00e9nements avec des\u00a0batteries au lithium\u00a0et\u00a0kit photovolta\u00efque &gt;\" \/>\n<meta property=\"og:url\" content=\"https:\/\/www.vsveicolispeciali.com\/fr\/vs-innovation-lab\/triporteur-electrique-ape-vcurve\/\" \/>\n<meta property=\"og:site_name\" content=\"VS Veicoli Speciali\" \/>\n<meta property=\"article:publisher\" content=\"https:\/\/www.facebook.com\/VSVeicoliSpeciali.Food.Trucks\/\" \/>\n<meta property=\"article:modified_time\" content=\"2023-04-07T18:36:03+00:00\" \/>\n<meta name=\"twitter:card\" content=\"summary_large_image\" \/>\n<meta name=\"twitter:site\" content=\"@veicolispeciali\" \/>\n<meta name=\"twitter:label1\" content=\"Dur\u00e9e de lecture estim\u00e9e\" \/>\n\t<meta name=\"twitter:data1\" content=\"2 minutes\" \/>\n<script type=\"application\/ld+json\" class=\"yoast-schema-graph\">{\"@context\":\"https:\/\/schema.org\",\"@graph\":[{\"@type\":\"WebPage\",\"@id\":\"https:\/\/www.vsveicolispeciali.com\/fr\/vs-innovation-lab\/triporteur-electrique-ape-vcurve\/\",\"url\":\"https:\/\/www.vsveicolispeciali.com\/fr\/vs-innovation-lab\/triporteur-electrique-ape-vcurve\/\",\"name\":\"Triporteur \u00c9lectrique Piaggio Ape am\u00e9nag\u00e9 en Food Truck ou Boutique\",\"isPartOf\":{\"@id\":\"https:\/\/www.vsveicolispeciali.com\/fr\/#website\"},\"datePublished\":\"2021-11-17T18:43:37+00:00\",\"dateModified\":\"2023-04-07T18:36:03+00:00\",\"description\":\"Acheter un triporteur food truck \u00e9lectrique equip\u00e9 pour vente ambulante et \u00e9v\u00e9nements avec des\u00a0batteries au lithium\u00a0et\u00a0kit photovolta\u00efque >\",\"breadcrumb\":{\"@id\":\"https:\/\/www.vsveicolispeciali.com\/fr\/vs-innovation-lab\/triporteur-electrique-ape-vcurve\/#breadcrumb\"},\"inLanguage\":\"fr-FR\",\"potentialAction\":[{\"@type\":\"ReadAction\",\"target\":[\"https:\/\/www.vsveicolispeciali.com\/fr\/vs-innovation-lab\/triporteur-electrique-ape-vcurve\/\"]}]},{\"@type\":\"BreadcrumbList\",\"@id\":\"https:\/\/www.vsveicolispeciali.com\/fr\/vs-innovation-lab\/triporteur-electrique-ape-vcurve\/#breadcrumb\",\"itemListElement\":[{\"@type\":\"ListItem\",\"position\":1,\"name\":\"Home\",\"item\":\"https:\/\/www.vsveicolispeciali.com\/fr\/\"},{\"@type\":\"ListItem\",\"position\":2,\"name\":\"VS Innovation Lab\",\"item\":\"https:\/\/www.vsveicolispeciali.com\/fr\/vs-innovation-lab\/\"},{\"@type\":\"ListItem\",\"position\":3,\"name\":\"Triporteur \u00c9lectrique Piaggio Ape V-Curve\"}]},{\"@type\":\"WebSite\",\"@id\":\"https:\/\/www.vsveicolispeciali.com\/fr\/#website\",\"url\":\"https:\/\/www.vsveicolispeciali.com\/fr\/\",\"name\":\"VS Veicoli Speciali\",\"description\":\"\",\"publisher\":{\"@id\":\"https:\/\/www.vsveicolispeciali.com\/fr\/#organization\"},\"potentialAction\":[{\"@type\":\"SearchAction\",\"target\":{\"@type\":\"EntryPoint\",\"urlTemplate\":\"https:\/\/www.vsveicolispeciali.com\/fr\/?s={search_term_string}\"},\"query-input\":{\"@type\":\"PropertyValueSpecification\",\"valueRequired\":true,\"valueName\":\"search_term_string\"}}],\"inLanguage\":\"fr-FR\"},{\"@type\":\"Organization\",\"@id\":\"https:\/\/www.vsveicolispeciali.com\/fr\/#organization\",\"name\":\"VS Veicoli Speciali\",\"url\":\"https:\/\/www.vsveicolispeciali.com\/fr\/\",\"logo\":{\"@type\":\"ImageObject\",\"inLanguage\":\"fr-FR\",\"@id\":\"https:\/\/www.vsveicolispeciali.com\/fr\/#\/schema\/logo\/image\/\",\"url\":\"http:\/\/www.vsveicolispeciali.com\/wp-content\/uploads\/2015\/05\/vs_veicoli_speciali-logo.png\",\"contentUrl\":\"http:\/\/www.vsveicolispeciali.com\/wp-content\/uploads\/2015\/05\/vs_veicoli_speciali-logo.png\",\"width\":252,\"height\":134,\"caption\":\"VS Veicoli Speciali\"},\"image\":{\"@id\":\"https:\/\/www.vsveicolispeciali.com\/fr\/#\/schema\/logo\/image\/\"},\"sameAs\":[\"https:\/\/www.facebook.com\/VSVeicoliSpeciali.Food.Trucks\/\",\"https:\/\/x.com\/veicolispeciali\",\"https:\/\/www.instagram.com\/vs_veicolispeciali\/\",\"https:\/\/www.linkedin.com\/company\/2811960\/\",\"https:\/\/www.pinterest.com\/streetfoodtruck\/\",\"https:\/\/www.youtube.com\/user\/veicolispeciali\"]}]}<\/script>\n<!-- \/ Yoast SEO plugin. -->","yoast_head_json":{"title":"Triporteur \u00c9lectrique Piaggio Ape am\u00e9nag\u00e9 en Food Truck ou Boutique","description":"Acheter un triporteur food truck \u00e9lectrique equip\u00e9 pour vente ambulante et \u00e9v\u00e9nements avec des\u00a0batteries au lithium\u00a0et\u00a0kit photovolta\u00efque >","robots":{"index":"index","follow":"follow","max-snippet":"max-snippet:-1","max-image-preview":"max-image-preview:large","max-video-preview":"max-video-preview:-1"},"canonical":"https:\/\/www.vsveicolispeciali.com\/fr\/vs-innovation-lab\/triporteur-electrique-ape-vcurve\/","og_locale":"fr_FR","og_type":"article","og_title":"Triporteur \u00c9lectrique Piaggio Ape am\u00e9nag\u00e9 en Food Truck ou Boutique","og_description":"Acheter un triporteur food truck \u00e9lectrique equip\u00e9 pour vente ambulante et \u00e9v\u00e9nements avec des\u00a0batteries au lithium\u00a0et\u00a0kit photovolta\u00efque >","og_url":"https:\/\/www.vsveicolispeciali.com\/fr\/vs-innovation-lab\/triporteur-electrique-ape-vcurve\/","og_site_name":"VS Veicoli Speciali","article_publisher":"https:\/\/www.facebook.com\/VSVeicoliSpeciali.Food.Trucks\/","article_modified_time":"2023-04-07T18:36:03+00:00","twitter_card":"summary_large_image","twitter_site":"@veicolispeciali","twitter_misc":{"Dur\u00e9e de lecture estim\u00e9e":"2 minutes"},"schema":{"@context":"https:\/\/schema.org","@graph":[{"@type":"WebPage","@id":"https:\/\/www.vsveicolispeciali.com\/fr\/vs-innovation-lab\/triporteur-electrique-ape-vcurve\/","url":"https:\/\/www.vsveicolispeciali.com\/fr\/vs-innovation-lab\/triporteur-electrique-ape-vcurve\/","name":"Triporteur \u00c9lectrique Piaggio Ape am\u00e9nag\u00e9 en Food Truck ou Boutique","isPartOf":{"@id":"https:\/\/www.vsveicolispeciali.com\/fr\/#website"},"datePublished":"2021-11-17T18:43:37+00:00","dateModified":"2023-04-07T18:36:03+00:00","description":"Acheter un triporteur food truck \u00e9lectrique equip\u00e9 pour vente ambulante et \u00e9v\u00e9nements avec des\u00a0batteries au lithium\u00a0et\u00a0kit photovolta\u00efque >","breadcrumb":{"@id":"https:\/\/www.vsveicolispeciali.com\/fr\/vs-innovation-lab\/triporteur-electrique-ape-vcurve\/#breadcrumb"},"inLanguage":"fr-FR","potentialAction":[{"@type":"ReadAction","target":["https:\/\/www.vsveicolispeciali.com\/fr\/vs-innovation-lab\/triporteur-electrique-ape-vcurve\/"]}]},{"@type":"BreadcrumbList","@id":"https:\/\/www.vsveicolispeciali.com\/fr\/vs-innovation-lab\/triporteur-electrique-ape-vcurve\/#breadcrumb","itemListElement":[{"@type":"ListItem","position":1,"name":"Home","item":"https:\/\/www.vsveicolispeciali.com\/fr\/"},{"@type":"ListItem","position":2,"name":"VS Innovation Lab","item":"https:\/\/www.vsveicolispeciali.com\/fr\/vs-innovation-lab\/"},{"@type":"ListItem","position":3,"name":"Triporteur \u00c9lectrique Piaggio Ape V-Curve"}]},{"@type":"WebSite","@id":"https:\/\/www.vsveicolispeciali.com\/fr\/#website","url":"https:\/\/www.vsveicolispeciali.com\/fr\/","name":"VS Veicoli Speciali","description":"","publisher":{"@id":"https:\/\/www.vsveicolispeciali.com\/fr\/#organization"},"potentialAction":[{"@type":"SearchAction","target":{"@type":"EntryPoint","urlTemplate":"https:\/\/www.vsveicolispeciali.com\/fr\/?s={search_term_string}"},"query-input":{"@type":"PropertyValueSpecification","valueRequired":true,"valueName":"search_term_string"}}],"inLanguage":"fr-FR"},{"@type":"Organization","@id":"https:\/\/www.vsveicolispeciali.com\/fr\/#organization","name":"VS Veicoli Speciali","url":"https:\/\/www.vsveicolispeciali.com\/fr\/","logo":{"@type":"ImageObject","inLanguage":"fr-FR","@id":"https:\/\/www.vsveicolispeciali.com\/fr\/#\/schema\/logo\/image\/","url":"http:\/\/www.vsveicolispeciali.com\/wp-content\/uploads\/2015\/05\/vs_veicoli_speciali-logo.png","contentUrl":"http:\/\/www.vsveicolispeciali.com\/wp-content\/uploads\/2015\/05\/vs_veicoli_speciali-logo.png","width":252,"height":134,"caption":"VS Veicoli Speciali"},"image":{"@id":"https:\/\/www.vsveicolispeciali.com\/fr\/#\/schema\/logo\/image\/"},"sameAs":["https:\/\/www.facebook.com\/VSVeicoliSpeciali.Food.Trucks\/","https:\/\/x.com\/veicolispeciali","https:\/\/www.instagram.com\/vs_veicolispeciali\/","https:\/\/www.linkedin.com\/company\/2811960\/","https:\/\/www.pinterest.com\/streetfoodtruck\/","https:\/\/www.youtube.com\/user\/veicolispeciali"]}]}},"_links":{"self":[{"href":"https:\/\/www.vsveicolispeciali.com\/fr\/wp-json\/wp\/v2\/pages\/15204"}],"collection":[{"href":"https:\/\/www.vsveicolispeciali.com\/fr\/wp-json\/wp\/v2\/pages"}],"about":[{"href":"https:\/\/www.vsveicolispeciali.com\/fr\/wp-json\/wp\/v2\/types\/page"}],"author":[{"embeddable":true,"href":"https:\/\/www.vsveicolispeciali.com\/fr\/wp-json\/wp\/v2\/users\/1001012"}],"replies":[{"embeddable":true,"href":"https:\/\/www.vsveicolispeciali.com\/fr\/wp-json\/wp\/v2\/comments?post=15204"}],"version-history":[{"count":11,"href":"https:\/\/www.vsveicolispeciali.com\/fr\/wp-json\/wp\/v2\/pages\/15204\/revisions"}],"predecessor-version":[{"id":22055,"href":"https:\/\/www.vsveicolispeciali.com\/fr\/wp-json\/wp\/v2\/pages\/15204\/revisions\/22055"}],"up":[{"embeddable":true,"href":"https:\/\/www.vsveicolispeciali.com\/fr\/wp-json\/wp\/v2\/pages\/15186"}],"wp:attachment":[{"href":"https:\/\/www.vsveicolispeciali.com\/fr\/wp-json\/wp\/v2\/media?parent=15204"}],"curies":[{"name":"wp","href":"https:\/\/api.w.org\/{rel}","templated":true}]}}