{"id":18734,"date":"2022-11-18T16:21:13","date_gmt":"2022-11-18T15:21:13","guid":{"rendered":"http:\/\/www.vsveicolispeciali.com\/?page_id=18734"},"modified":"2023-01-26T15:04:21","modified_gmt":"2023-01-26T14:04:21","slug":"unternehmen","status":"publish","type":"page","link":"https:\/\/www.vsveicolispeciali.com\/de\/unternehmen\/","title":{"rendered":"UNSER UNTERNEHMEN"},"content":{"rendered":"<div class=\"wpb-content-wrapper\"><p>[vc_row css_animation=&#8220;&#8220; row_type=&#8220;row&#8220; use_row_as_full_screen_section=&#8220;no&#8220; type=&#8220;full_width&#8220; angled_section=&#8220;no&#8220; text_align=&#8220;left&#8220; background_image_as_pattern=&#8220;without_pattern&#8220;][vc_column][vc_empty_space height=&#8220;90px&#8220;][vc_row_inner row_type=&#8220;row&#8220; type=&#8220;grid&#8220; text_align=&#8220;left&#8220; row_negative_margin=&#8220;disable_negative_margin&#8220; css_animation=&#8220;&#8220;][vc_column_inner]<div class=\"custom_font_holder\" style=\" font-size: 26px; line-height: 44px; font-style: normal; font-weight: 300; color: #006aa7; text-decoration: none; text-align: center;\">DIE GESCHICHTE UNSERES KONTINUIERLICHEN FORTSCHRITTS<\/div>[vc_separator type=&#8220;small&#8220; position=&#8220;center&#8220;]<div class=\"custom_font_holder\" style=\" font-size: 20px; line-height: 34px; font-style: normal; font-weight: 300; text-decoration: none; text-align: center;\">VS Veicoli Speciali wurde 2007 aus der Idee heraus gegr\u00fcndet, n\u00fctzliche Fahrzeuge f\u00fcr Unternehmen und Gastronomieprofis zu schaffen. Mit der Zeit wuchs und entwickelte sich diese Idee in VS STREETFOOD<span style=\"font-size: 8pt;\">\u00ae<\/span>, wo Innovation, Design, Liebe zum Detail und Funktionalit\u00e4t zusammenkommen, um einzigartige Fahrzeuge zu schaffen, die ihre eigene Identit\u00e4t haben.<\/div>[\/vc_column_inner][\/vc_row_inner][vc_empty_space height=&#8220;90px&#8220;][\/vc_column][\/vc_row][vc_row css_animation=&#8220;&#8220; row_type=&#8220;row&#8220; use_row_as_full_screen_section=&#8220;no&#8220; type=&#8220;grid&#8220; angled_section=&#8220;no&#8220; text_align=&#8220;left&#8220; background_image_as_pattern=&#8220;without_pattern&#8220; z_index=&#8220;&#8220; el_class=&#8220;bloccorigas&#8220;][vc_column]<div class=\"qode_video_box\">\n\t<a itemprop=\"image\" class=\"qode_video_image\" href=\"https:\/\/www.youtube.com\/watch?v=YdktC459vkU\" data-rel=\"prettyPhoto\">\n\t\t\t\n\t\t\t<img decoding=\"async\" src=\"https:\/\/www.vsveicolispeciali.com\/wp-content\/uploads\/2020\/07\/preview-video.jpg\" \/>\n\t\t\t<span class=\"qode_video_box_button_holder\">\n\t\t\t\t<span class=\"qode_video_box_button\">\n\t\t\t\t\t<span class=\"qode_video_box_button_arrow\">\n\t\t\t\t\t<\/span>\n\t\t\t\t<\/span>\n\t\t\t<\/span>\n\t\t\t<\/a>\n<\/div>[vc_empty_space height=&#8220;90px&#8220;][vc_column_text]<\/p>\n<p style=\"text-align: center;\">Heute setzt VS Veicoli Speciali die Tradition mit Leidenschaft f\u00fcr handwerkliche Arbeit fort und stellt Fahrzeuge f\u00fcr den Verkauf von Streetfood her, die hohe Qualit\u00e4tsstandards erf\u00fcllen.<br \/>\n<strong>Alle produzierten Food-Trucks werden auf die Bed\u00fcrfnisse des Kunden zugeschnitten<\/strong>, um einen einzigartigen Verkaufswagen mit starker Markenidentit\u00e4t zu produzieren.<br \/>\nDie Zusammenarbeit zwischen dem Kunden und den Technikern von VS Veicoli Speciali ist von zentraler Bedeutung. <strong>Erl\u00e4utern Sie uns Ihre Bed\u00fcrfnisse und Probleme, die Sie gerne l\u00f6sen w\u00fcrden<\/strong>. Unsere Techniker erledigen den Rest und beraten Sie mit Erfahrung und Leidenschaft, um die beste L\u00f6sung f\u00fcr einen sch\u00f6nen und effizienten Food-Truck zu finden, der bestimmte ergonomische Kriterien erf\u00fcllt, die eine optimale Nutzung der montierten Ausr\u00fcstung garantieren.<\/p>\n<p>[\/vc_column_text][vc_empty_space]<a  itemprop=\"url\" href=\"http:\/\/www.vsveicolispeciali.com\/de\/verkaufswagen-kaufen\/\" target=\"_self\"  class=\"qbutton  medium center default\" style=\"font-weight: 400; margin: 0px 0px 30px 0px; \">UNSERE LEISTUNGEN<\/a>[vc_empty_space height=&#8220;50px&#8220;][\/vc_column][\/vc_row][vc_row row_type=&#8220;parallax&#8220; parallax_content_width=&#8220;full_width&#8220; text_align=&#8220;left&#8220; full_screen_section_height=&#8220;no&#8220; background_image=&#8220;645&#8243;][vc_column][vc_row_inner row_type=&#8220;row&#8220; type=&#8220;grid&#8220; text_align=&#8220;left&#8220; css_animation=&#8220;&#8220;][vc_column_inner][vc_empty_space height=&#8220;50px&#8220;]<div class=\"custom_font_holder\" style=\" font-size: 26px; line-height: 44px; font-style: normal; font-weight: 300; color: #ffffff; text-decoration: none; text-align: center;\">UNSERE PATENTE<\/div>[vc_separator type=&#8220;small&#8220; position=&#8220;center&#8220; color=&#8220;#ffffff&#8220;]<div class=\"custom_font_holder\" style=\" font-size: 18px; line-height: 34px; font-style: normal; font-weight: 300; color: #ffffff; text-decoration: none; text-align: center;\">DIE KONTINUIERLICHE FORSCHUNG UND ENTWICKLUNG NEUER IDEEN HAT ZUR SCHAFFUNG VON PATENTIERTEN L\u00d6SUNGEN GEF\u00dcHRT<\/div>[vc_empty_space height=&#8220;50px&#8220;][\/vc_column_inner][\/vc_row_inner][vc_row_inner row_type=&#8220;row&#8220; type=&#8220;grid&#8220; text_align=&#8220;left&#8220; css_animation=&#8220;&#8220;][vc_column_inner width=&#8220;1\/3&#8243;]<div class=\"image_with_text\"><img decoding=\"async\" itemprop=\"image\" src=\"https:\/\/www.vsveicolispeciali.com\/wp-content\/uploads\/2022\/08\/de-patent_Ape_VCurve.png\" alt=\"\" \/><h3 ><\/h3><span style=\"margin: 6px 0px;\" class=\"separator transparent\"><\/span><\/p>\n<h3 style=\"text-align: center;\"><a href=\"http:\/\/www.vsveicolispeciali.com\/de\/verkaufswagen-kaufen\/piaggio-ape-food-truck\/umbau-ape-verkaufswagen-umbauten\/\"><span style=\"color: #ffffff;\">PATENT V-CURVE\u00ae<\/span><\/a><\/h3>\n<p><\/div>[\/vc_column_inner][vc_column_inner width=&#8220;1\/3&#8243;]<div class=\"image_with_text\"><img decoding=\"async\" itemprop=\"image\" src=\"https:\/\/www.vsveicolispeciali.com\/wp-content\/uploads\/2022\/08\/de-patent_Ape_TR.png\" alt=\"\" \/><h3 ><\/h3><span style=\"margin: 6px 0px;\" class=\"separator transparent\"><\/span><\/p>\n<h3 style=\"text-align: center; font-color: white;\"><a href=\"http:\/\/www.vsveicolispeciali.com\/de\/verkaufswagen-kaufen\/piaggio-ape-food-truck\/gastro-ape-tr-food-truck-verkaufsflaechen-mobiler-kioskwagen\/\"><span style=\"color: #ffffff;\">PATENT TR\u00ae<\/span><\/a><\/h3>\n<p><\/div>[\/vc_column_inner][vc_column_inner width=&#8220;1\/3&#8243;]<div class=\"image_with_text\"><img decoding=\"async\" itemprop=\"image\" src=\"https:\/\/www.vsveicolispeciali.com\/wp-content\/uploads\/2022\/08\/de-patent_food_truck_Pro_X.png\" alt=\"\" \/><h3 ><\/h3><span style=\"margin: 6px 0px;\" class=\"separator transparent\"><\/span><\/p>\n<h3 style=\"text-align: center; font-color: white;\"><a href=\"http:\/\/www.vsveicolispeciali.com\/de\/verkaufswagen-kaufen\/food-truck-imbisswagen-kosten\/pro-x-food-truck\/\"><span style=\"color: #ffffff;\">PATENT PRO X\u00ae<\/span><\/a><\/h3>\n<p><\/div>[\/vc_column_inner][\/vc_row_inner][vc_empty_space height=&#8220;50px&#8220;][\/vc_column][\/vc_row][vc_row css_animation=&#8220;&#8220; row_type=&#8220;row&#8220; use_row_as_full_screen_section=&#8220;no&#8220; type=&#8220;grid&#8220; angled_section=&#8220;no&#8220; text_align=&#8220;center&#8220; background_image_as_pattern=&#8220;without_pattern&#8220; z_index=&#8220;&#8220; padding_top=&#8220;30&#8243; padding_bottom=&#8220;30&#8243;][vc_column][vc_empty_space height=&#8220;50px&#8220;]<div class=\"custom_font_holder\" style=\" font-size: 26px; line-height: 44px; font-style: normal; font-weight: 300; color: #006aa7; text-decoration: none; text-align: center;\">MOBILE APP<\/div>[vc_separator type=&#8220;small&#8220; position=&#8220;center&#8220;][vc_column_text]<\/p>\n<p style=\"text-align: center;\"><strong>e<span style=\"color: #006aa7;\">X<\/span>tra\u00ae<\/strong> ist das von VS Veicoli Speciali entwickelte<br \/>\ndigitale Steuerungssystem f\u00fcr Food-Trucks!<\/p>\n<p>[\/vc_column_text][vc_empty_space height=&#8220;50px&#8220;][vc_row_inner row_type=&#8220;row&#8220; use_as_box=&#8220;use_row_as_box&#8220; type=&#8220;grid&#8220; text_align=&#8220;center&#8220; css_animation=&#8220;&#8220; css=&#8220;.vc_custom_1667830424360{padding-top: 50px !important;padding-bottom: 50px !important;background-image: url(http:\/\/www.vsveicolispeciali.com\/wp-content\/uploads\/2022\/11\/1_Applicazione-mobile-sfondo.jpg?id=18917) !important;background-position: center !important;background-repeat: no-repeat !important;background-size: cover !important;}&#8220;][vc_column_inner width=&#8220;1\/12&#8243;][\/vc_column_inner][vc_column_inner width=&#8220;6\/12&#8243;][vc_empty_space height=&#8220;100px&#8220; el_class=&#8220;nomobile&#8220;][vc_empty_space height=&#8220;50px&#8220; el_class=&#8220;nodesktop&#8220;][vc_column_text el_class=&#8220;text-color-light&#8220;]<\/p>\n<p style=\"text-align: center;\">1. Installieren Sie <strong>e<span style=\"color: #006aa7;\">X<\/span>tra\u00ae<\/strong> auf Ihrem neuen Food-Truck.<\/p>\n<p>[\/vc_column_text][vc_column_text el_class=&#8220;text-color-light&#8220;]<\/p>\n<p style=\"text-align: center;\">2. Laden Sie die App auf Ihr Mobiltelefon herunter.<\/p>\n<p>[\/vc_column_text][vc_column_text el_class=&#8220;text-color-light&#8220;]<\/p>\n<p style=\"text-align: center;\">3. Scannen Sie den QR-Code, um sich mit dem Food-Truck zu verbinden.<\/p>\n<p>[\/vc_column_text][vc_column_text el_class=&#8220;text-color-light&#8220;]<\/p>\n<p style=\"text-align: center;\">4. Verwalten Sie das Fahrzeug via App.<\/p>\n<p>[\/vc_column_text][vc_empty_space height=&#8220;50px&#8220;]<a  itemprop=\"url\" href=\"http:\/\/www.vsveicolispeciali.com\/de\/vs-innovation-lab\/extra-fuer-ihren-food-truck\/\" target=\"_self\" data-hover-background-color=#006aa7 data-hover-border-color=#006aa7 data-hover-color=#ffffff class=\"qbutton  medium center default\" style=\"color: #006aa7; border-color: #006aa7; font-weight: 400; margin: 0px 0px 30px 0px; background-color: #ffffff;\">MEHR ERFAHREN<\/a>[\/vc_column_inner][vc_column_inner width=&#8220;4\/12&#8243;][vc_single_image image=&#8220;18924&#8243; img_size=&#8220;full&#8220; alignment=&#8220;center&#8220; qode_css_animation=&#8220;&#8220;][\/vc_column_inner][vc_column_inner width=&#8220;1\/12&#8243;][\/vc_column_inner][\/vc_row_inner][\/vc_column][\/vc_row][vc_row css_animation=&#8220;&#8220; row_type=&#8220;row&#8220; use_row_as_full_screen_section=&#8220;no&#8220; type=&#8220;full_width&#8220; angled_section=&#8220;no&#8220; text_align=&#8220;left&#8220; background_image_as_pattern=&#8220;without_pattern&#8220;][vc_column][vc_empty_space height=&#8220;50px&#8220;][vc_row_inner row_type=&#8220;row&#8220; type=&#8220;grid&#8220; text_align=&#8220;left&#8220; row_negative_margin=&#8220;disable_negative_margin&#8220; css_animation=&#8220;&#8220;][vc_column_inner]<div class=\"custom_font_holder\" style=\" font-size: 26px; line-height: 44px; font-style: normal; font-weight: 300; color: #006aa7; text-decoration: none; text-align: center;\">UNSER LEISTUNGSANGEBOT<\/div>[vc_separator type=&#8220;small&#8220; position=&#8220;center&#8220; down=&#8220;50&#8243;][\/vc_column_inner][\/vc_row_inner][vc_row_inner row_type=&#8220;row&#8220; type=&#8220;grid&#8220; text_align=&#8220;left&#8220; css_animation=&#8220;&#8220;][vc_column_inner][animated_icons_with_text columns=&#8220;two_columns&#8220;][animated_icon_with_text icon=&#8220;fa-info-circle&#8220; title=&#8220;KOSTENLOSE BERATUNG UND UNVERBINDLICHER KOSTENVORANSCHLAG&#8220; text=&#8220;Unsere Berater werden Sie Schritt f\u00fcr Schritt beraten und einen unverbindlichen Kostenvoranschlag und ein Datenblatt, das alle technischen und kreativen Details des Projekts enth\u00e4lt, f\u00fcr Sie erstellen.<br \/>\n&#8220; size=&#8220;25px&#8220;][animated_icon_with_text icon=&#8220;fa-life-ring&#8220; title=&#8220;GARANTIERTE HILFE UND REPARATUR&#8220; text=&#8220;Die Best\u00e4ndigkeit unserer Fahrzeuge wird durch drei interne Tests best\u00e4tigt. Dennoch stehen Ihnen unsere Techniker f\u00fcr alle F\u00e4lle zur Verf\u00fcgung.<br \/>\n&#8220; size=&#8220;25px&#8220;][\/animated_icons_with_text][animated_icons_with_text columns=&#8220;two_columns&#8220;][animated_icon_with_text icon=&#8220;fa-exchange&#8220; title=&#8220;LAGERUNG UND INZAHLUNGNAHME IHRES FAHRZEUGS&#8220; text=&#8220;Wir stellen Ihnen unsere R\u00e4ume f\u00fcr ungenutzte oder vor\u00fcbergehend stillgelegte Fahrzeuge zu wettbewerbsf\u00e4higen Preisen zur Verf\u00fcgung. Wir bewerten auch die Inzahlungnahme Ihres Fahrzeugs.&#8220; size=&#8220;25px&#8220;][animated_icon_with_text icon=&#8220;fa-calculator&#8220; title=&#8220;FINANZIERUNG DURCH LEASING&#8220; text=&#8220;Es ist m\u00f6glich, Ihr Projekt mit einem Leasingvertrag zu finanzieren. VS Veicoli Speciali stellt alle Informationen bereit, damit Sie das finden, was am besten zu Ihnen passt.&#8220; size=&#8220;25px&#8220;][\/animated_icons_with_text][\/vc_column_inner][\/vc_row_inner][vc_empty_space height=&#8220;120px&#8220;][\/vc_column][\/vc_row][vc_row css_animation=&#8220;&#8220; row_type=&#8220;row&#8220; use_row_as_full_screen_section=&#8220;no&#8220; type=&#8220;full_width&#8220; angled_section=&#8220;no&#8220; text_align=&#8220;left&#8220; background_image_as_pattern=&#8220;without_pattern&#8220; z_index=&#8220;&#8220;][vc_column][vc_single_image image=&#8220;17062&#8243; img_size=&#8220;full&#8220; alignment=&#8220;center&#8220; qode_css_animation=&#8220;&#8220;][\/vc_column][\/vc_row]<\/p>\n<\/div>","protected":false},"excerpt":{"rendered":"<p>[vc_row css_animation=&#8220;&#8220; row_type=&#8220;row&#8220; use_row_as_full_screen_section=&#8220;no&#8220; type=&#8220;full_width&#8220; angled_section=&#8220;no&#8220; text_align=&#8220;left&#8220; background_image_as_pattern=&#8220;without_pattern&#8220;][vc_column][vc_empty_space height=&#8220;90px&#8220;][vc_row_inner row_type=&#8220;row&#8220; type=&#8220;grid&#8220; text_align=&#8220;left&#8220; row_negative_margin=&#8220;disable_negative_margin&#8220; css_animation=&#8220;&#8220;][vc_column_inner][vc_separator type=&#8220;small&#8220; position=&#8220;center&#8220;][\/vc_column_inner][\/vc_row_inner][vc_empty_space height=&#8220;90px&#8220;][\/vc_column][\/vc_row][vc_row css_animation=&#8220;&#8220; row_type=&#8220;row&#8220; use_row_as_full_screen_section=&#8220;no&#8220; type=&#8220;grid&#8220; angled_section=&#8220;no&#8220; text_align=&#8220;left&#8220; background_image_as_pattern=&#8220;without_pattern&#8220; z_index=&#8220;&#8220; el_class=&#8220;bloccorigas&#8220;][vc_column][vc_empty_space height=&#8220;90px&#8220;][vc_column_text] Heute setzt VS Veicoli Speciali die Tradition mit Leidenschaft f\u00fcr handwerkliche Arbeit fort und stellt Fahrzeuge f\u00fcr den&#8230;<\/p>\n","protected":false},"author":1001012,"featured_media":0,"parent":0,"menu_order":2,"comment_status":"closed","ping_status":"closed","template":"full_width.php","meta":{"footnotes":""},"class_list":["post-18734","page","type-page","status-publish","hentry"],"yoast_head":"<!-- This site is optimized with the Yoast SEO plugin v25.4 - https:\/\/yoast.com\/wordpress\/plugins\/seo\/ -->\n<title>Unser Unternehmen - VS Veicoli Speciali<\/title>\n<meta name=\"description\" content=\"Die Zusammenarbeit zwischen dem Kunden und den Technikern von VS Veicoli Speciali ist von zentraler Bedeutung. Erl\u00e4utern Sie uns Ihre Bed\u00fcrfnisse und Probleme\" \/>\n<meta name=\"robots\" content=\"index, follow, max-snippet:-1, max-image-preview:large, max-video-preview:-1\" \/>\n<link rel=\"canonical\" href=\"https:\/\/www.vsveicolispeciali.com\/de\/unternehmen\/\" \/>\n<meta property=\"og:locale\" content=\"de_DE\" \/>\n<meta property=\"og:type\" content=\"article\" \/>\n<meta property=\"og:title\" content=\"Unser Unternehmen - VS Veicoli Speciali\" \/>\n<meta property=\"og:description\" content=\"Die Zusammenarbeit zwischen dem Kunden und den Technikern von VS Veicoli Speciali ist von zentraler Bedeutung. Erl\u00e4utern Sie uns Ihre Bed\u00fcrfnisse und Probleme\" \/>\n<meta property=\"og:url\" content=\"https:\/\/www.vsveicolispeciali.com\/de\/unternehmen\/\" \/>\n<meta property=\"og:site_name\" content=\"VS Veicoli Speciali\" \/>\n<meta property=\"article:publisher\" content=\"https:\/\/www.facebook.com\/VSVeicoliSpeciali.Food.Trucks\/\" \/>\n<meta property=\"article:modified_time\" content=\"2023-01-26T14:04:21+00:00\" \/>\n<meta name=\"twitter:card\" content=\"summary_large_image\" \/>\n<meta name=\"twitter:site\" content=\"@veicolispeciali\" \/>\n<meta name=\"twitter:label1\" content=\"Gesch\u00e4tzte Lesezeit\" \/>\n\t<meta name=\"twitter:data1\" content=\"4\u00a0Minuten\" \/>\n<script type=\"application\/ld+json\" class=\"yoast-schema-graph\">{\"@context\":\"https:\/\/schema.org\",\"@graph\":[{\"@type\":\"WebPage\",\"@id\":\"https:\/\/www.vsveicolispeciali.com\/de\/unternehmen\/\",\"url\":\"https:\/\/www.vsveicolispeciali.com\/de\/unternehmen\/\",\"name\":\"Unser Unternehmen - VS Veicoli Speciali\",\"isPartOf\":{\"@id\":\"https:\/\/www.vsveicolispeciali.com\/de\/#website\"},\"datePublished\":\"2022-11-18T15:21:13+00:00\",\"dateModified\":\"2023-01-26T14:04:21+00:00\",\"description\":\"Die Zusammenarbeit zwischen dem Kunden und den Technikern von VS Veicoli Speciali ist von zentraler Bedeutung. Erl\u00e4utern Sie uns Ihre Bed\u00fcrfnisse und Probleme\",\"breadcrumb\":{\"@id\":\"https:\/\/www.vsveicolispeciali.com\/de\/unternehmen\/#breadcrumb\"},\"inLanguage\":\"de\",\"potentialAction\":[{\"@type\":\"ReadAction\",\"target\":[\"https:\/\/www.vsveicolispeciali.com\/de\/unternehmen\/\"]}]},{\"@type\":\"BreadcrumbList\",\"@id\":\"https:\/\/www.vsveicolispeciali.com\/de\/unternehmen\/#breadcrumb\",\"itemListElement\":[{\"@type\":\"ListItem\",\"position\":1,\"name\":\"Home\",\"item\":\"https:\/\/www.vsveicolispeciali.com\/de\/\"},{\"@type\":\"ListItem\",\"position\":2,\"name\":\"UNSER UNTERNEHMEN\"}]},{\"@type\":\"WebSite\",\"@id\":\"https:\/\/www.vsveicolispeciali.com\/de\/#website\",\"url\":\"https:\/\/www.vsveicolispeciali.com\/de\/\",\"name\":\"VS Veicoli Speciali\",\"description\":\"\",\"publisher\":{\"@id\":\"https:\/\/www.vsveicolispeciali.com\/de\/#organization\"},\"potentialAction\":[{\"@type\":\"SearchAction\",\"target\":{\"@type\":\"EntryPoint\",\"urlTemplate\":\"https:\/\/www.vsveicolispeciali.com\/de\/?s={search_term_string}\"},\"query-input\":{\"@type\":\"PropertyValueSpecification\",\"valueRequired\":true,\"valueName\":\"search_term_string\"}}],\"inLanguage\":\"de\"},{\"@type\":\"Organization\",\"@id\":\"https:\/\/www.vsveicolispeciali.com\/de\/#organization\",\"name\":\"VS Veicoli Speciali\",\"url\":\"https:\/\/www.vsveicolispeciali.com\/de\/\",\"logo\":{\"@type\":\"ImageObject\",\"inLanguage\":\"de\",\"@id\":\"https:\/\/www.vsveicolispeciali.com\/de\/#\/schema\/logo\/image\/\",\"url\":\"http:\/\/www.vsveicolispeciali.com\/wp-content\/uploads\/2015\/05\/vs_veicoli_speciali-logo.png\",\"contentUrl\":\"http:\/\/www.vsveicolispeciali.com\/wp-content\/uploads\/2015\/05\/vs_veicoli_speciali-logo.png\",\"width\":252,\"height\":134,\"caption\":\"VS Veicoli Speciali\"},\"image\":{\"@id\":\"https:\/\/www.vsveicolispeciali.com\/de\/#\/schema\/logo\/image\/\"},\"sameAs\":[\"https:\/\/www.facebook.com\/VSVeicoliSpeciali.Food.Trucks\/\",\"https:\/\/x.com\/veicolispeciali\",\"https:\/\/www.instagram.com\/vs_veicolispeciali\/\",\"https:\/\/www.linkedin.com\/company\/2811960\/\",\"https:\/\/www.pinterest.com\/streetfoodtruck\/\",\"https:\/\/www.youtube.com\/user\/veicolispeciali\"]}]}<\/script>\n<!-- \/ Yoast SEO plugin. -->","yoast_head_json":{"title":"Unser Unternehmen - VS Veicoli Speciali","description":"Die Zusammenarbeit zwischen dem Kunden und den Technikern von VS Veicoli Speciali ist von zentraler Bedeutung. Erl\u00e4utern Sie uns Ihre Bed\u00fcrfnisse und Probleme","robots":{"index":"index","follow":"follow","max-snippet":"max-snippet:-1","max-image-preview":"max-image-preview:large","max-video-preview":"max-video-preview:-1"},"canonical":"https:\/\/www.vsveicolispeciali.com\/de\/unternehmen\/","og_locale":"de_DE","og_type":"article","og_title":"Unser Unternehmen - VS Veicoli Speciali","og_description":"Die Zusammenarbeit zwischen dem Kunden und den Technikern von VS Veicoli Speciali ist von zentraler Bedeutung. Erl\u00e4utern Sie uns Ihre Bed\u00fcrfnisse und Probleme","og_url":"https:\/\/www.vsveicolispeciali.com\/de\/unternehmen\/","og_site_name":"VS Veicoli Speciali","article_publisher":"https:\/\/www.facebook.com\/VSVeicoliSpeciali.Food.Trucks\/","article_modified_time":"2023-01-26T14:04:21+00:00","twitter_card":"summary_large_image","twitter_site":"@veicolispeciali","twitter_misc":{"Gesch\u00e4tzte Lesezeit":"4\u00a0Minuten"},"schema":{"@context":"https:\/\/schema.org","@graph":[{"@type":"WebPage","@id":"https:\/\/www.vsveicolispeciali.com\/de\/unternehmen\/","url":"https:\/\/www.vsveicolispeciali.com\/de\/unternehmen\/","name":"Unser Unternehmen - VS Veicoli Speciali","isPartOf":{"@id":"https:\/\/www.vsveicolispeciali.com\/de\/#website"},"datePublished":"2022-11-18T15:21:13+00:00","dateModified":"2023-01-26T14:04:21+00:00","description":"Die Zusammenarbeit zwischen dem Kunden und den Technikern von VS Veicoli Speciali ist von zentraler Bedeutung. Erl\u00e4utern Sie uns Ihre Bed\u00fcrfnisse und Probleme","breadcrumb":{"@id":"https:\/\/www.vsveicolispeciali.com\/de\/unternehmen\/#breadcrumb"},"inLanguage":"de","potentialAction":[{"@type":"ReadAction","target":["https:\/\/www.vsveicolispeciali.com\/de\/unternehmen\/"]}]},{"@type":"BreadcrumbList","@id":"https:\/\/www.vsveicolispeciali.com\/de\/unternehmen\/#breadcrumb","itemListElement":[{"@type":"ListItem","position":1,"name":"Home","item":"https:\/\/www.vsveicolispeciali.com\/de\/"},{"@type":"ListItem","position":2,"name":"UNSER UNTERNEHMEN"}]},{"@type":"WebSite","@id":"https:\/\/www.vsveicolispeciali.com\/de\/#website","url":"https:\/\/www.vsveicolispeciali.com\/de\/","name":"VS Veicoli Speciali","description":"","publisher":{"@id":"https:\/\/www.vsveicolispeciali.com\/de\/#organization"},"potentialAction":[{"@type":"SearchAction","target":{"@type":"EntryPoint","urlTemplate":"https:\/\/www.vsveicolispeciali.com\/de\/?s={search_term_string}"},"query-input":{"@type":"PropertyValueSpecification","valueRequired":true,"valueName":"search_term_string"}}],"inLanguage":"de"},{"@type":"Organization","@id":"https:\/\/www.vsveicolispeciali.com\/de\/#organization","name":"VS Veicoli Speciali","url":"https:\/\/www.vsveicolispeciali.com\/de\/","logo":{"@type":"ImageObject","inLanguage":"de","@id":"https:\/\/www.vsveicolispeciali.com\/de\/#\/schema\/logo\/image\/","url":"http:\/\/www.vsveicolispeciali.com\/wp-content\/uploads\/2015\/05\/vs_veicoli_speciali-logo.png","contentUrl":"http:\/\/www.vsveicolispeciali.com\/wp-content\/uploads\/2015\/05\/vs_veicoli_speciali-logo.png","width":252,"height":134,"caption":"VS Veicoli Speciali"},"image":{"@id":"https:\/\/www.vsveicolispeciali.com\/de\/#\/schema\/logo\/image\/"},"sameAs":["https:\/\/www.facebook.com\/VSVeicoliSpeciali.Food.Trucks\/","https:\/\/x.com\/veicolispeciali","https:\/\/www.instagram.com\/vs_veicolispeciali\/","https:\/\/www.linkedin.com\/company\/2811960\/","https:\/\/www.pinterest.com\/streetfoodtruck\/","https:\/\/www.youtube.com\/user\/veicolispeciali"]}]}},"_links":{"self":[{"href":"https:\/\/www.vsveicolispeciali.com\/de\/wp-json\/wp\/v2\/pages\/18734"}],"collection":[{"href":"https:\/\/www.vsveicolispeciali.com\/de\/wp-json\/wp\/v2\/pages"}],"about":[{"href":"https:\/\/www.vsveicolispeciali.com\/de\/wp-json\/wp\/v2\/types\/page"}],"author":[{"embeddable":true,"href":"https:\/\/www.vsveicolispeciali.com\/de\/wp-json\/wp\/v2\/users\/1001012"}],"replies":[{"embeddable":true,"href":"https:\/\/www.vsveicolispeciali.com\/de\/wp-json\/wp\/v2\/comments?post=18734"}],"version-history":[{"count":7,"href":"https:\/\/www.vsveicolispeciali.com\/de\/wp-json\/wp\/v2\/pages\/18734\/revisions"}],"predecessor-version":[{"id":19490,"href":"https:\/\/www.vsveicolispeciali.com\/de\/wp-json\/wp\/v2\/pages\/18734\/revisions\/19490"}],"wp:attachment":[{"href":"https:\/\/www.vsveicolispeciali.com\/de\/wp-json\/wp\/v2\/media?parent=18734"}],"curies":[{"name":"wp","href":"https:\/\/api.w.org\/{rel}","templated":true}]}}