{"id":16004,"date":"2022-05-03T16:10:03","date_gmt":"2022-05-03T14:10:03","guid":{"rendered":"http:\/\/www.vsveicolispeciali.com\/?page_id=16004"},"modified":"2023-01-28T14:12:12","modified_gmt":"2023-01-28T13:12:12","slug":"pro-x-food-truck","status":"publish","type":"page","link":"https:\/\/www.vsveicolispeciali.com\/de\/verkaufswagen-kaufen\/food-truck-imbisswagen-kosten\/pro-x-food-truck\/","title":{"rendered":"Pro X Food-Truck"},"content":{"rendered":"<div class=\"wpb-content-wrapper\"><p>[vc_row css_animation=&#8220;&#8220; row_type=&#8220;row&#8220; use_row_as_full_screen_section=&#8220;no&#8220; type=&#8220;grid&#8220; angled_section=&#8220;no&#8220; text_align=&#8220;left&#8220; background_image_as_pattern=&#8220;without_pattern&#8220;][vc_column][vc_separator type=&#8220;transparent&#8220; thickness=&#8220;90&#8243; up=&#8220;0&#8243; down=&#8220;0&#8243;][vc_column_text]<\/p>\n<h2 style=\"text-align: center;\">Die mobile App f\u00fcr eine vereinfachte Steuerung des Foodtrucks<\/h2>\n<p>[\/vc_column_text][vc_separator type=&#8220;small&#8220; position=&#8220;center&#8220;][vc_row_inner row_type=&#8220;row&#8220; type=&#8220;full_width&#8220; text_align=&#8220;left&#8220; css_animation=&#8220;&#8220;][vc_column_inner width=&#8220;1\/2&#8243;][vc_column_text]<\/p>\n<p style=\"text-align: left;\">Gro\u00dfe Marken und Unternehmen der Gastrobranche k\u00f6nnen sich endlich auf einen <a href=\"http:\/\/www.vsveicolispeciali.com\/de\/verkaufswagen-kaufen\/food-truck-imbisswagen-kosten\/\">Food-Truck<\/a> verlassen, der ihrem Prestige und ihren Anspr\u00fcchen entspricht. Der <strong>Pro X<\/strong> ist ein innovatives <em>Verkaufsfahrzeug<\/em>, das mit dem Ziel entwickelt wurde, den <strong>Gewinn<\/strong> durch die Verbesserung der Verbrauchseffizienz und aller Produktions- und Managementprozesse zu erh\u00f6hen. Dank dem <strong>integrierten digitalen System eXtra<\/strong> ist es m\u00f6glich, alle Ger\u00e4te und Ausr\u00fcstungen im Wagen \u00fcber eine mobile Anwendung zu steuern und sie nach Bedarf zu optimieren.<\/p>\n<p>&nbsp;<\/p>\n<p style=\"text-align: left;\">Vom Telefon aus k\u00f6nnen Sie die folgenden Einstellungen <strong>vornehmen und \u00fcberwachen<\/strong>:<\/p>\n<ul class=\"lista\">\n<li style=\"text-align: left;\">Temperatur der K\u00fchlschr\u00e4nke<\/li>\n<li style=\"text-align: left;\">Feuchtigkeitsgehalt der Umgebung<\/li>\n<li style=\"text-align: left;\">GPL- und CO2-Gehalt<\/li>\n<li style=\"text-align: left;\">Beleuchtung<\/li>\n<li style=\"text-align: left;\">Ladezustand der Batterien<\/li>\n<li style=\"text-align: left;\">T\u00fcren und Stellf\u00fc\u00dfe<\/li>\n<li style=\"text-align: left;\">Ein- und Abschaltung der Ger\u00e4te<\/li>\n<li style=\"text-align: left;\">Klimager\u00e4te und Gebl\u00e4se<\/li>\n<\/ul>\n<p>[\/vc_column_text][\/vc_column_inner][vc_column_inner width=&#8220;1\/2&#8243;][vc_column_text]Der Pro X Food-Truck kann auf <strong>drei Arten betrieben<\/strong> werden:<\/p>\n<ul class=\"lista\">\n<li>mit Lithiumbatterien, die durch Solarzellen aufgeladen werden<\/li>\n<li>\u00fcber eine externe Steckdose<\/li>\n<li>mit der Lichtmaschine des Fahrzeugs (w\u00e4hrend der Fahrt)<\/li>\n<\/ul>\n<p>&nbsp;<\/p>\n<p>Unter optimalen Umweltbedingungen ist der Pro X ein zu <strong>100 % autonomes<\/strong> und <a href=\"http:\/\/www.vsveicolispeciali.com\/de\/vs-innovation-lab\/pro-x-food-truck-strassen-essen\/\">umweltvertr\u00e4gliches Arbeitsmittel<\/a>, das einen Produktivit\u00e4t der Mitarbeiter f\u00f6rdern.<\/p>\n<p>&nbsp;<\/p>\n<p>Dies wiederum wird durch einen Innenraum erleichtert, in dem die ergonomisch gestalteten R\u00e4umlichkeiten, Arbeitsfl\u00e4chen und Beleuchtung die <strong>Produktivit\u00e4t der Mitarbeiter an Bord f\u00f6rdern<\/strong>.<\/p>\n<p>&nbsp;<\/p>\n<p>Das <strong>patentierte Design<\/strong> garantiert Originalit\u00e4t und verleiht dem Food-Truck, dessen Elemente alle individuell gestaltet werden k\u00f6nnen, eine starke Pers\u00f6nlichkeit.[\/vc_column_text][\/vc_column_inner][\/vc_row_inner][\/vc_column][\/vc_row][vc_row css_animation=&#8220;&#8220; row_type=&#8220;row&#8220; use_row_as_full_screen_section=&#8220;no&#8220; type=&#8220;full_width&#8220; angled_section=&#8220;no&#8220; text_align=&#8220;left&#8220; background_image_as_pattern=&#8220;without_pattern&#8220; z_index=&#8220;&#8220;][vc_column][vc_separator type=&#8220;transparent&#8220; thickness=&#8220;90&#8243; up=&#8220;0&#8243; down=&#8220;0&#8243;]<div class='projects_holder_outer v5 portfolio_with_space portfolio_with_hover_text'><div class='projects_holder portfolio_main_holder clearfix v5 hover_text portfolio_full_image portfolio_one_by_one'>\n<article class='mix portfolio_category_56 portfolio_category_59 portfolio_category_109 ' style=''><div class='image_holder'><a itemprop='url' class='portfolio_link_for_touch' href='https:\/\/www.vsveicolispeciali.com\/de\/street-food-truck\/pro-x-food-truck-toscana-food\/' target='_self'><span class='image'><img loading=\"lazy\" decoding=\"async\" width=\"1000\" height=\"800\" src=\"https:\/\/www.vsveicolispeciali.com\/wp-content\/uploads\/2024\/10\/pro-x-food-truck-toscana-food.jpg\" class=\"attachment-full size-full wp-post-image\" alt=\"pro x food truck toscana food mit 4 Photovoltaik-Paneele\" srcset=\"https:\/\/www.vsveicolispeciali.com\/wp-content\/uploads\/2024\/10\/pro-x-food-truck-toscana-food.jpg 1000w, https:\/\/www.vsveicolispeciali.com\/wp-content\/uploads\/2024\/10\/pro-x-food-truck-toscana-food-300x240.jpg 300w, https:\/\/www.vsveicolispeciali.com\/wp-content\/uploads\/2024\/10\/pro-x-food-truck-toscana-food-768x614.jpg 768w, https:\/\/www.vsveicolispeciali.com\/wp-content\/uploads\/2024\/10\/pro-x-food-truck-toscana-food-700x560.jpg 700w\" sizes=\"(max-width: 1000px) 100vw, 1000px\" \/><\/span><\/a><span class='text_holder'><span class='text_outer'><span class='text_inner'><div class=\"hover_feature_holder_title\"><div class=\"hover_feature_holder_title_inner\"><h5 itemprop=\"name\" class=\"portfolio_title entry_title\"><a itemprop=\"url\" href=\"https:\/\/www.vsveicolispeciali.com\/de\/street-food-truck\/pro-x-food-truck-toscana-food\/\"  target=\"_self\">Pro X Food Truck Toscana Food<\/a><\/h5><div  class=\"portfolio_separator separator  small center\"><\/div><span class=\"project_category\" >Food Truck, Elektrofahrzeuge, Pro X Food Truck<\/span><\/div><\/div><span class='feature_holder'><span class=\"feature_holder_icons\"><a itemprop='url' class='preview qbutton small white' href='https:\/\/www.vsveicolispeciali.com\/de\/street-food-truck\/pro-x-food-truck-toscana-food\/' target='_self'>view<\/a><span class='portfolio_like qbutton small white'><a  href=\"#\" class=\"qode-like\" id=\"qode-like-26789\" title=\"Like this\">6<span>  Likes<\/span><\/a><\/span><\/span><\/span><\/span><\/span><\/span><\/div><\/article>\n<article class='mix portfolio_category_56 portfolio_category_59 portfolio_category_109 portfolio_category_131 portfolio_category_618 ' style=''><div class='image_holder'><a itemprop='url' class='portfolio_link_for_touch' href='https:\/\/www.vsveicolispeciali.com\/de\/street-food-truck\/pro-x-food-truck-dolomiti-street-food-chefkoch\/' target='_self'><span class='image'><img loading=\"lazy\" decoding=\"async\" width=\"1000\" height=\"800\" src=\"https:\/\/www.vsveicolispeciali.com\/wp-content\/uploads\/2022\/05\/dolomiti-street-food-cucina-di-strada-pro-x-food-truck.jpg\" class=\"attachment-full size-full wp-post-image\" alt=\"dolomiti street food cucina di strada pro x food truck giallo\" srcset=\"https:\/\/www.vsveicolispeciali.com\/wp-content\/uploads\/2022\/05\/dolomiti-street-food-cucina-di-strada-pro-x-food-truck.jpg 1000w, https:\/\/www.vsveicolispeciali.com\/wp-content\/uploads\/2022\/05\/dolomiti-street-food-cucina-di-strada-pro-x-food-truck-300x240.jpg 300w, https:\/\/www.vsveicolispeciali.com\/wp-content\/uploads\/2022\/05\/dolomiti-street-food-cucina-di-strada-pro-x-food-truck-768x614.jpg 768w, https:\/\/www.vsveicolispeciali.com\/wp-content\/uploads\/2022\/05\/dolomiti-street-food-cucina-di-strada-pro-x-food-truck-700x560.jpg 700w\" sizes=\"(max-width: 1000px) 100vw, 1000px\" \/><\/span><\/a><span class='text_holder'><span class='text_outer'><span class='text_inner'><div class=\"hover_feature_holder_title\"><div class=\"hover_feature_holder_title_inner\"><h5 itemprop=\"name\" class=\"portfolio_title entry_title\"><a itemprop=\"url\" href=\"https:\/\/www.vsveicolispeciali.com\/de\/street-food-truck\/pro-x-food-truck-dolomiti-street-food-chefkoch\/\"  target=\"_self\">Dolomiti Street Food &#8211; Goldmedaille Koch<\/a><\/h5><div  class=\"portfolio_separator separator  small center\"><\/div><span class=\"project_category\" >Food Truck, Elektrofahrzeuge, Pro X Food Truck, Street Food, Chef<\/span><\/div><\/div><span class='feature_holder'><span class=\"feature_holder_icons\"><a itemprop='url' class='preview qbutton small white' href='https:\/\/www.vsveicolispeciali.com\/de\/street-food-truck\/pro-x-food-truck-dolomiti-street-food-chefkoch\/' target='_self'>view<\/a><span class='portfolio_like qbutton small white'><a  href=\"#\" class=\"qode-like\" id=\"qode-like-16231\" title=\"Like this\">19<span>  Likes<\/span><\/a><\/span><\/span><\/span><\/span><\/span><\/span><\/div><\/article>\n<div class='filler'><\/div>\n<div class='filler'><\/div>\n<div class='filler'><\/div>\n<div class='filler'><\/div>\n<div class='filler'><\/div>\n<\/div><\/div>[vc_separator type=&#8220;transparent&#8220; thickness=&#8220;120&#8243;][\/vc_column][\/vc_row][vc_row css_animation=&#8220;&#8220; row_type=&#8220;row&#8220; use_row_as_full_screen_section=&#8220;no&#8220; type=&#8220;full_width&#8220; angled_section=&#8220;no&#8220; text_align=&#8220;left&#8220; background_image_as_pattern=&#8220;without_pattern&#8220; z_index=&#8220;&#8220; padding_bottom=&#8220;120&#8243;][vc_column]<div class=\"container_inner\"><div class=\"call_to_action simple\" style=\"\"><div class=\"text_wrapper column1\"><div class=\"call_to_action_text  font_weight_inherit letter_spacing_inherit\" style=\"font-weight: 300;letter-spacing: 1px;\">Entdecken Sie alle Eigenschaften des Pro X Foodtrucks<\/div><a itemprop=\"url\" href=\"http:\/\/www.vsveicolispeciali.com\/de\/vs-innovation-lab\/pro-x-food-truck-strassen-essen\/\" class=\"qbutton white big_large\" target=\"\" style=\"\">Klicken Sie Hier<\/a><\/div><\/div><\/div>[\/vc_column][\/vc_row]<\/p>\n<\/div>","protected":false},"excerpt":{"rendered":"<p>[vc_row css_animation=&#8220;&#8220; row_type=&#8220;row&#8220; use_row_as_full_screen_section=&#8220;no&#8220; type=&#8220;grid&#8220; angled_section=&#8220;no&#8220; text_align=&#8220;left&#8220; background_image_as_pattern=&#8220;without_pattern&#8220;][vc_column][vc_separator type=&#8220;transparent&#8220; thickness=&#8220;90&#8243; up=&#8220;0&#8243; down=&#8220;0&#8243;][vc_column_text] Die mobile App f\u00fcr eine vereinfachte Steuerung des Foodtrucks [\/vc_column_text][vc_separator type=&#8220;small&#8220; position=&#8220;center&#8220;][vc_row_inner row_type=&#8220;row&#8220; type=&#8220;full_width&#8220; text_align=&#8220;left&#8220; css_animation=&#8220;&#8220;][vc_column_inner width=&#8220;1\/2&#8243;][vc_column_text] Gro\u00dfe Marken und Unternehmen der Gastrobranche k\u00f6nnen sich endlich auf einen Food-Truck verlassen, der ihrem Prestige&#8230;<\/p>\n","protected":false},"author":1001012,"featured_media":0,"parent":7686,"menu_order":4,"comment_status":"closed","ping_status":"closed","template":"full_width.php","meta":{"footnotes":""},"class_list":["post-16004","page","type-page","status-publish","hentry"],"yoast_head":"<!-- This site is optimized with the Yoast SEO plugin v25.4 - https:\/\/yoast.com\/wordpress\/plugins\/seo\/ -->\n<title>Pro X Food-Truck + App f\u00fcr eine vereinfachte Steuerung des Foodtrucks<\/title>\n<meta name=\"description\" content=\"Gro\u00dfe Marken und Unternehmen der Gastrobranche k\u00f6nnen sich endlich auf einen Food-Truck verlassen, der ihrem Prestige und ihren Anspr\u00fcchen entspricht\" \/>\n<meta name=\"robots\" content=\"index, follow, max-snippet:-1, max-image-preview:large, max-video-preview:-1\" \/>\n<link rel=\"canonical\" href=\"https:\/\/www.vsveicolispeciali.com\/de\/verkaufswagen-kaufen\/food-truck-imbisswagen-kosten\/pro-x-food-truck\/\" \/>\n<meta property=\"og:locale\" content=\"de_DE\" \/>\n<meta property=\"og:type\" content=\"article\" \/>\n<meta property=\"og:title\" content=\"Pro X Food-Truck + App f\u00fcr eine vereinfachte Steuerung des Foodtrucks\" \/>\n<meta property=\"og:description\" content=\"Gro\u00dfe Marken und Unternehmen der Gastrobranche k\u00f6nnen sich endlich auf einen Food-Truck verlassen, der ihrem Prestige und ihren Anspr\u00fcchen entspricht\" \/>\n<meta property=\"og:url\" content=\"https:\/\/www.vsveicolispeciali.com\/de\/verkaufswagen-kaufen\/food-truck-imbisswagen-kosten\/pro-x-food-truck\/\" \/>\n<meta property=\"og:site_name\" content=\"VS Veicoli Speciali\" \/>\n<meta property=\"article:publisher\" content=\"https:\/\/www.facebook.com\/VSVeicoliSpeciali.Food.Trucks\/\" \/>\n<meta property=\"article:modified_time\" content=\"2023-01-28T13:12:12+00:00\" \/>\n<meta name=\"twitter:card\" content=\"summary_large_image\" \/>\n<meta name=\"twitter:site\" content=\"@veicolispeciali\" \/>\n<meta name=\"twitter:label1\" content=\"Gesch\u00e4tzte Lesezeit\" \/>\n\t<meta name=\"twitter:data1\" content=\"2\u00a0Minuten\" \/>\n<script type=\"application\/ld+json\" class=\"yoast-schema-graph\">{\"@context\":\"https:\/\/schema.org\",\"@graph\":[{\"@type\":\"WebPage\",\"@id\":\"https:\/\/www.vsveicolispeciali.com\/de\/verkaufswagen-kaufen\/food-truck-imbisswagen-kosten\/pro-x-food-truck\/\",\"url\":\"https:\/\/www.vsveicolispeciali.com\/de\/verkaufswagen-kaufen\/food-truck-imbisswagen-kosten\/pro-x-food-truck\/\",\"name\":\"Pro X Food-Truck + App f\u00fcr eine vereinfachte Steuerung des Foodtrucks\",\"isPartOf\":{\"@id\":\"https:\/\/www.vsveicolispeciali.com\/de\/#website\"},\"datePublished\":\"2022-05-03T14:10:03+00:00\",\"dateModified\":\"2023-01-28T13:12:12+00:00\",\"description\":\"Gro\u00dfe Marken und Unternehmen der Gastrobranche k\u00f6nnen sich endlich auf einen Food-Truck verlassen, der ihrem Prestige und ihren Anspr\u00fcchen entspricht\",\"breadcrumb\":{\"@id\":\"https:\/\/www.vsveicolispeciali.com\/de\/verkaufswagen-kaufen\/food-truck-imbisswagen-kosten\/pro-x-food-truck\/#breadcrumb\"},\"inLanguage\":\"de\",\"potentialAction\":[{\"@type\":\"ReadAction\",\"target\":[\"https:\/\/www.vsveicolispeciali.com\/de\/verkaufswagen-kaufen\/food-truck-imbisswagen-kosten\/pro-x-food-truck\/\"]}]},{\"@type\":\"BreadcrumbList\",\"@id\":\"https:\/\/www.vsveicolispeciali.com\/de\/verkaufswagen-kaufen\/food-truck-imbisswagen-kosten\/pro-x-food-truck\/#breadcrumb\",\"itemListElement\":[{\"@type\":\"ListItem\",\"position\":1,\"name\":\"Home\",\"item\":\"https:\/\/www.vsveicolispeciali.com\/de\/\"},{\"@type\":\"ListItem\",\"position\":2,\"name\":\"Verkaufswagen und Streetfood-Wagen kaufen\",\"item\":\"https:\/\/www.vsveicolispeciali.com\/de\/verkaufswagen-kaufen\/\"},{\"@type\":\"ListItem\",\"position\":3,\"name\":\"FOODTRUCKS KAUFEN\",\"item\":\"https:\/\/www.vsveicolispeciali.com\/de\/verkaufswagen-kaufen\/food-truck-imbisswagen-kosten\/\"},{\"@type\":\"ListItem\",\"position\":4,\"name\":\"Pro X Food-Truck\"}]},{\"@type\":\"WebSite\",\"@id\":\"https:\/\/www.vsveicolispeciali.com\/de\/#website\",\"url\":\"https:\/\/www.vsveicolispeciali.com\/de\/\",\"name\":\"VS Veicoli Speciali\",\"description\":\"\",\"publisher\":{\"@id\":\"https:\/\/www.vsveicolispeciali.com\/de\/#organization\"},\"potentialAction\":[{\"@type\":\"SearchAction\",\"target\":{\"@type\":\"EntryPoint\",\"urlTemplate\":\"https:\/\/www.vsveicolispeciali.com\/de\/?s={search_term_string}\"},\"query-input\":{\"@type\":\"PropertyValueSpecification\",\"valueRequired\":true,\"valueName\":\"search_term_string\"}}],\"inLanguage\":\"de\"},{\"@type\":\"Organization\",\"@id\":\"https:\/\/www.vsveicolispeciali.com\/de\/#organization\",\"name\":\"VS Veicoli Speciali\",\"url\":\"https:\/\/www.vsveicolispeciali.com\/de\/\",\"logo\":{\"@type\":\"ImageObject\",\"inLanguage\":\"de\",\"@id\":\"https:\/\/www.vsveicolispeciali.com\/de\/#\/schema\/logo\/image\/\",\"url\":\"http:\/\/www.vsveicolispeciali.com\/wp-content\/uploads\/2015\/05\/vs_veicoli_speciali-logo.png\",\"contentUrl\":\"http:\/\/www.vsveicolispeciali.com\/wp-content\/uploads\/2015\/05\/vs_veicoli_speciali-logo.png\",\"width\":252,\"height\":134,\"caption\":\"VS Veicoli Speciali\"},\"image\":{\"@id\":\"https:\/\/www.vsveicolispeciali.com\/de\/#\/schema\/logo\/image\/\"},\"sameAs\":[\"https:\/\/www.facebook.com\/VSVeicoliSpeciali.Food.Trucks\/\",\"https:\/\/x.com\/veicolispeciali\",\"https:\/\/www.instagram.com\/vs_veicolispeciali\/\",\"https:\/\/www.linkedin.com\/company\/2811960\/\",\"https:\/\/www.pinterest.com\/streetfoodtruck\/\",\"https:\/\/www.youtube.com\/user\/veicolispeciali\"]}]}<\/script>\n<!-- \/ Yoast SEO plugin. -->","yoast_head_json":{"title":"Pro X Food-Truck + App f\u00fcr eine vereinfachte Steuerung des Foodtrucks","description":"Gro\u00dfe Marken und Unternehmen der Gastrobranche k\u00f6nnen sich endlich auf einen Food-Truck verlassen, der ihrem Prestige und ihren Anspr\u00fcchen entspricht","robots":{"index":"index","follow":"follow","max-snippet":"max-snippet:-1","max-image-preview":"max-image-preview:large","max-video-preview":"max-video-preview:-1"},"canonical":"https:\/\/www.vsveicolispeciali.com\/de\/verkaufswagen-kaufen\/food-truck-imbisswagen-kosten\/pro-x-food-truck\/","og_locale":"de_DE","og_type":"article","og_title":"Pro X Food-Truck + App f\u00fcr eine vereinfachte Steuerung des Foodtrucks","og_description":"Gro\u00dfe Marken und Unternehmen der Gastrobranche k\u00f6nnen sich endlich auf einen Food-Truck verlassen, der ihrem Prestige und ihren Anspr\u00fcchen entspricht","og_url":"https:\/\/www.vsveicolispeciali.com\/de\/verkaufswagen-kaufen\/food-truck-imbisswagen-kosten\/pro-x-food-truck\/","og_site_name":"VS Veicoli Speciali","article_publisher":"https:\/\/www.facebook.com\/VSVeicoliSpeciali.Food.Trucks\/","article_modified_time":"2023-01-28T13:12:12+00:00","twitter_card":"summary_large_image","twitter_site":"@veicolispeciali","twitter_misc":{"Gesch\u00e4tzte Lesezeit":"2\u00a0Minuten"},"schema":{"@context":"https:\/\/schema.org","@graph":[{"@type":"WebPage","@id":"https:\/\/www.vsveicolispeciali.com\/de\/verkaufswagen-kaufen\/food-truck-imbisswagen-kosten\/pro-x-food-truck\/","url":"https:\/\/www.vsveicolispeciali.com\/de\/verkaufswagen-kaufen\/food-truck-imbisswagen-kosten\/pro-x-food-truck\/","name":"Pro X Food-Truck + App f\u00fcr eine vereinfachte Steuerung des Foodtrucks","isPartOf":{"@id":"https:\/\/www.vsveicolispeciali.com\/de\/#website"},"datePublished":"2022-05-03T14:10:03+00:00","dateModified":"2023-01-28T13:12:12+00:00","description":"Gro\u00dfe Marken und Unternehmen der Gastrobranche k\u00f6nnen sich endlich auf einen Food-Truck verlassen, der ihrem Prestige und ihren Anspr\u00fcchen entspricht","breadcrumb":{"@id":"https:\/\/www.vsveicolispeciali.com\/de\/verkaufswagen-kaufen\/food-truck-imbisswagen-kosten\/pro-x-food-truck\/#breadcrumb"},"inLanguage":"de","potentialAction":[{"@type":"ReadAction","target":["https:\/\/www.vsveicolispeciali.com\/de\/verkaufswagen-kaufen\/food-truck-imbisswagen-kosten\/pro-x-food-truck\/"]}]},{"@type":"BreadcrumbList","@id":"https:\/\/www.vsveicolispeciali.com\/de\/verkaufswagen-kaufen\/food-truck-imbisswagen-kosten\/pro-x-food-truck\/#breadcrumb","itemListElement":[{"@type":"ListItem","position":1,"name":"Home","item":"https:\/\/www.vsveicolispeciali.com\/de\/"},{"@type":"ListItem","position":2,"name":"Verkaufswagen und Streetfood-Wagen kaufen","item":"https:\/\/www.vsveicolispeciali.com\/de\/verkaufswagen-kaufen\/"},{"@type":"ListItem","position":3,"name":"FOODTRUCKS KAUFEN","item":"https:\/\/www.vsveicolispeciali.com\/de\/verkaufswagen-kaufen\/food-truck-imbisswagen-kosten\/"},{"@type":"ListItem","position":4,"name":"Pro X Food-Truck"}]},{"@type":"WebSite","@id":"https:\/\/www.vsveicolispeciali.com\/de\/#website","url":"https:\/\/www.vsveicolispeciali.com\/de\/","name":"VS Veicoli Speciali","description":"","publisher":{"@id":"https:\/\/www.vsveicolispeciali.com\/de\/#organization"},"potentialAction":[{"@type":"SearchAction","target":{"@type":"EntryPoint","urlTemplate":"https:\/\/www.vsveicolispeciali.com\/de\/?s={search_term_string}"},"query-input":{"@type":"PropertyValueSpecification","valueRequired":true,"valueName":"search_term_string"}}],"inLanguage":"de"},{"@type":"Organization","@id":"https:\/\/www.vsveicolispeciali.com\/de\/#organization","name":"VS Veicoli Speciali","url":"https:\/\/www.vsveicolispeciali.com\/de\/","logo":{"@type":"ImageObject","inLanguage":"de","@id":"https:\/\/www.vsveicolispeciali.com\/de\/#\/schema\/logo\/image\/","url":"http:\/\/www.vsveicolispeciali.com\/wp-content\/uploads\/2015\/05\/vs_veicoli_speciali-logo.png","contentUrl":"http:\/\/www.vsveicolispeciali.com\/wp-content\/uploads\/2015\/05\/vs_veicoli_speciali-logo.png","width":252,"height":134,"caption":"VS Veicoli Speciali"},"image":{"@id":"https:\/\/www.vsveicolispeciali.com\/de\/#\/schema\/logo\/image\/"},"sameAs":["https:\/\/www.facebook.com\/VSVeicoliSpeciali.Food.Trucks\/","https:\/\/x.com\/veicolispeciali","https:\/\/www.instagram.com\/vs_veicolispeciali\/","https:\/\/www.linkedin.com\/company\/2811960\/","https:\/\/www.pinterest.com\/streetfoodtruck\/","https:\/\/www.youtube.com\/user\/veicolispeciali"]}]}},"_links":{"self":[{"href":"https:\/\/www.vsveicolispeciali.com\/de\/wp-json\/wp\/v2\/pages\/16004"}],"collection":[{"href":"https:\/\/www.vsveicolispeciali.com\/de\/wp-json\/wp\/v2\/pages"}],"about":[{"href":"https:\/\/www.vsveicolispeciali.com\/de\/wp-json\/wp\/v2\/types\/page"}],"author":[{"embeddable":true,"href":"https:\/\/www.vsveicolispeciali.com\/de\/wp-json\/wp\/v2\/users\/1001012"}],"replies":[{"embeddable":true,"href":"https:\/\/www.vsveicolispeciali.com\/de\/wp-json\/wp\/v2\/comments?post=16004"}],"version-history":[{"count":8,"href":"https:\/\/www.vsveicolispeciali.com\/de\/wp-json\/wp\/v2\/pages\/16004\/revisions"}],"predecessor-version":[{"id":21223,"href":"https:\/\/www.vsveicolispeciali.com\/de\/wp-json\/wp\/v2\/pages\/16004\/revisions\/21223"}],"up":[{"embeddable":true,"href":"https:\/\/www.vsveicolispeciali.com\/de\/wp-json\/wp\/v2\/pages\/7686"}],"wp:attachment":[{"href":"https:\/\/www.vsveicolispeciali.com\/de\/wp-json\/wp\/v2\/media?parent=16004"}],"curies":[{"name":"wp","href":"https:\/\/api.w.org\/{rel}","templated":true}]}}