{"id":15202,"date":"2021-11-17T20:32:45","date_gmt":"2021-11-17T19:32:45","guid":{"rendered":"http:\/\/vsveicolispeciali.com\/?page_id=15202"},"modified":"2023-01-25T12:43:19","modified_gmt":"2023-01-25T11:43:19","slug":"elektro-ape-vcurve","status":"publish","type":"page","link":"https:\/\/www.vsveicolispeciali.com\/de\/vs-innovation-lab\/elektro-ape-vcurve\/","title":{"rendered":"Ape VCurve Electric"},"content":{"rendered":"<div class=\"wpb-content-wrapper\"><p>[vc_row css_animation=&#8220;&#8220; row_type=&#8220;row&#8220; use_row_as_full_screen_section=&#8220;no&#8220; type=&#8220;grid&#8220; angled_section=&#8220;no&#8220; text_align=&#8220;left&#8220; background_image_as_pattern=&#8220;without_pattern&#8220;][vc_column][vc_separator type=&#8220;transparent&#8220; thickness=&#8220;50&#8243; up=&#8220;0&#8243; down=&#8220;0&#8243;][vc_column_text]<\/p>\n<h2 style=\"text-align: center;\">Elektrische Ape mit Ausstattung als FOODTRUCK ODER GESCH\u00c4FT AUF R\u00c4DERN<\/h2>\n<p>[\/vc_column_text][vc_separator type=&#8220;small&#8220; position=&#8220;center&#8220;][vc_row_inner row_type=&#8220;row&#8220; type=&#8220;full_width&#8220; text_align=&#8220;left&#8220; css_animation=&#8220;&#8220;][vc_column_inner width=&#8220;1\/2&#8243;][vc_column_text]Die <strong>Ape VCurve Electric<\/strong> ist die Weiterentwicklung der legend\u00e4ren <a href=\"https:\/\/vsveicolispeciali.com\/de\/dreirad-piaggio-ape-v-curve-verkaufsladen-auf-drei-raedern\/\" target=\"_blank\" rel=\"noopener\">patentierten Ape VCurve<\/a>, mit einem zu 100 % elektrisch angetriebenen Motor und einer vollst\u00e4ndig unabh\u00e4ngigen Einrichtung dank supereffizienter <strong>Lithiumbatterien<\/strong>. Ein absolut innovativer und nachhaltiger <strong>Verkaufswagen<\/strong>.<\/p>\n<p>&nbsp;<\/p>\n<p>Die Ape VCurve Electric ist ein <strong>Verkaufsfahrzeug mit Elektromotor<\/strong>, das den vielseitigen Charakter und den <strong>Vintage-Charme<\/strong> erbt, die die patentierte VCurve-Ausstattung ber\u00fchmt gemacht haben.<\/p>\n<p>&nbsp;<\/p>\n<p>Ein ideales Fahrzeug f\u00fcr den <strong>Verkauf jeder Art<\/strong>:<\/p>\n<ul class=\"lista\">\n<li><strong>Streetfood<\/strong>: Pizza, Eiscreme, Bier vom Fass, Wein, Kaffee, Sushi, Catering;<\/li>\n<li><strong>Einzelhandel<\/strong>: Mode, Kleidung, Schmuck, Uhren Accessoires, usw.<\/li>\n<\/ul>\n<p>[\/vc_column_text][\/vc_column_inner][vc_column_inner width=&#8220;1\/2&#8243;][vc_column_text]Mit einer Autonomie von 50 km und einer <strong>Ladezeit von nur 3 Stunden<\/strong> (mit einer einfachen Haushaltssteckdose) ist die Ape VCurve Electric der \u00f6kologischste modulare Food-Truck auf dem Markt, der zu einem vern\u00fcnftigen Preis erh\u00e4ltlich ist.<\/p>\n<p>&nbsp;<\/p>\n<p>Der <strong>Verkaufswagen<\/strong> wird durch Lithiumbatterien angetrieben und kann optional auch die installierten Photovoltaikzellen nutzen, um seine Arbeitsautonomie zu erh\u00f6hen.<\/p>\n<p>&nbsp;<\/p>\n<p>Ikonisches Design, Hubdach, bis ins kleinste Detail durchdachte Ergonomie und individuell anpassbare Ausstattungen machen diese <strong>elektrische Piaggio Ape<\/strong> zu einem funktionalen und unwiderstehlichen Fahrzeug, das sowohl als <strong>Mini-Food-Truck<\/strong> als auch als <strong>mobiles Gesch\u00e4ft<\/strong> genutzt werden kann.[\/vc_column_text][\/vc_column_inner][\/vc_row_inner][vc_separator type=&#8220;transparent&#8220; thickness=&#8220;40&#8243; up=&#8220;0&#8243; down=&#8220;0&#8243;][\/vc_column][\/vc_row][vc_row css_animation=&#8220;&#8220; row_type=&#8220;row&#8220; use_row_as_full_screen_section=&#8220;no&#8220; type=&#8220;full_width&#8220; angled_section=&#8220;no&#8220; text_align=&#8220;left&#8220; background_image_as_pattern=&#8220;without_pattern&#8220;][vc_column][vc_video link=&#8220;https:\/\/www.youtube.com\/watch?v=eER9HdYXc6M&#8220; align=&#8220;center&#8220;][\/vc_column][\/vc_row][vc_row css_animation=&#8220;&#8220; row_type=&#8220;row&#8220; use_row_as_full_screen_section=&#8220;no&#8220; type=&#8220;full_width&#8220; angled_section=&#8220;no&#8220; text_align=&#8220;left&#8220; background_image_as_pattern=&#8220;without_pattern&#8220;][vc_column]<a  itemprop=\"url\" href=\"http:\/\/vsveicolispeciali.com\/de\/kontakte\/\" target=\"_self\"  class=\"qbutton  big_large_full_width center enlarge\" style=\"\">kontaktiere sie uns<i class=\"qode_icon_font_awesome fa fa-envelope qode_button_icon_element\" style=\"\" ><\/i><\/a>[\/vc_column][\/vc_row]<\/p>\n<\/div>","protected":false},"excerpt":{"rendered":"<p>[vc_row css_animation=&#8220;&#8220; row_type=&#8220;row&#8220; use_row_as_full_screen_section=&#8220;no&#8220; type=&#8220;grid&#8220; angled_section=&#8220;no&#8220; text_align=&#8220;left&#8220; background_image_as_pattern=&#8220;without_pattern&#8220;][vc_column][vc_separator type=&#8220;transparent&#8220; thickness=&#8220;50&#8243; up=&#8220;0&#8243; down=&#8220;0&#8243;][vc_column_text] Elektrische Ape mit Ausstattung als FOODTRUCK ODER GESCH\u00c4FT AUF R\u00c4DERN [\/vc_column_text][vc_separator type=&#8220;small&#8220; position=&#8220;center&#8220;][vc_row_inner row_type=&#8220;row&#8220; type=&#8220;full_width&#8220; text_align=&#8220;left&#8220; css_animation=&#8220;&#8220;][vc_column_inner width=&#8220;1\/2&#8243;][vc_column_text]Die Ape VCurve Electric ist die Weiterentwicklung der legend\u00e4ren patentierten Ape VCurve, mit einem zu 100&#8230;<\/p>\n","protected":false},"author":1001012,"featured_media":0,"parent":15184,"menu_order":3,"comment_status":"closed","ping_status":"closed","template":"full_width.php","meta":{"footnotes":""},"class_list":["post-15202","page","type-page","status-publish","hentry"],"yoast_head":"<!-- This site is optimized with the Yoast SEO plugin v25.4 - https:\/\/yoast.com\/wordpress\/plugins\/seo\/ -->\n<title>Elektrische Ape mit Ausstattung als Foodtruck oder Gesch\u00e4ft auf Radern<\/title>\n<meta name=\"description\" content=\"Piaggio Ape VCurve mit Elektromotor f\u00fcr stra\u00dfenverkaufs und ambulanter Handel. Verkaufswagen mit Lithiumbatterien und Photovoltaikzellen &gt;\" \/>\n<meta name=\"robots\" content=\"index, follow, max-snippet:-1, max-image-preview:large, max-video-preview:-1\" \/>\n<link rel=\"canonical\" href=\"https:\/\/www.vsveicolispeciali.com\/de\/vs-innovation-lab\/elektro-ape-vcurve\/\" \/>\n<meta property=\"og:locale\" content=\"de_DE\" \/>\n<meta property=\"og:type\" content=\"article\" \/>\n<meta property=\"og:title\" content=\"Elektrische Ape mit Ausstattung als Foodtruck oder Gesch\u00e4ft auf Radern\" \/>\n<meta property=\"og:description\" content=\"Piaggio Ape VCurve mit Elektromotor f\u00fcr stra\u00dfenverkaufs und ambulanter Handel. Verkaufswagen mit Lithiumbatterien und Photovoltaikzellen &gt;\" \/>\n<meta property=\"og:url\" content=\"https:\/\/www.vsveicolispeciali.com\/de\/vs-innovation-lab\/elektro-ape-vcurve\/\" \/>\n<meta property=\"og:site_name\" content=\"VS Veicoli Speciali\" \/>\n<meta property=\"article:publisher\" content=\"https:\/\/www.facebook.com\/VSVeicoliSpeciali.Food.Trucks\/\" \/>\n<meta property=\"article:modified_time\" content=\"2023-01-25T11:43:19+00:00\" \/>\n<meta name=\"twitter:card\" content=\"summary_large_image\" \/>\n<meta name=\"twitter:site\" content=\"@veicolispeciali\" \/>\n<meta name=\"twitter:label1\" content=\"Gesch\u00e4tzte Lesezeit\" \/>\n\t<meta name=\"twitter:data1\" content=\"2\u00a0Minuten\" \/>\n<script type=\"application\/ld+json\" class=\"yoast-schema-graph\">{\"@context\":\"https:\/\/schema.org\",\"@graph\":[{\"@type\":\"WebPage\",\"@id\":\"https:\/\/www.vsveicolispeciali.com\/de\/vs-innovation-lab\/elektro-ape-vcurve\/\",\"url\":\"https:\/\/www.vsveicolispeciali.com\/de\/vs-innovation-lab\/elektro-ape-vcurve\/\",\"name\":\"Elektrische Ape mit Ausstattung als Foodtruck oder Gesch\u00e4ft auf Radern\",\"isPartOf\":{\"@id\":\"https:\/\/www.vsveicolispeciali.com\/de\/#website\"},\"datePublished\":\"2021-11-17T19:32:45+00:00\",\"dateModified\":\"2023-01-25T11:43:19+00:00\",\"description\":\"Piaggio Ape VCurve mit Elektromotor f\u00fcr stra\u00dfenverkaufs und ambulanter Handel. Verkaufswagen mit Lithiumbatterien und Photovoltaikzellen >\",\"breadcrumb\":{\"@id\":\"https:\/\/www.vsveicolispeciali.com\/de\/vs-innovation-lab\/elektro-ape-vcurve\/#breadcrumb\"},\"inLanguage\":\"de\",\"potentialAction\":[{\"@type\":\"ReadAction\",\"target\":[\"https:\/\/www.vsveicolispeciali.com\/de\/vs-innovation-lab\/elektro-ape-vcurve\/\"]}]},{\"@type\":\"BreadcrumbList\",\"@id\":\"https:\/\/www.vsveicolispeciali.com\/de\/vs-innovation-lab\/elektro-ape-vcurve\/#breadcrumb\",\"itemListElement\":[{\"@type\":\"ListItem\",\"position\":1,\"name\":\"Home\",\"item\":\"https:\/\/www.vsveicolispeciali.com\/de\/\"},{\"@type\":\"ListItem\",\"position\":2,\"name\":\"VS Innovation Lab\",\"item\":\"https:\/\/www.vsveicolispeciali.com\/de\/vs-innovation-lab\/\"},{\"@type\":\"ListItem\",\"position\":3,\"name\":\"Ape VCurve Electric\"}]},{\"@type\":\"WebSite\",\"@id\":\"https:\/\/www.vsveicolispeciali.com\/de\/#website\",\"url\":\"https:\/\/www.vsveicolispeciali.com\/de\/\",\"name\":\"VS Veicoli Speciali\",\"description\":\"\",\"publisher\":{\"@id\":\"https:\/\/www.vsveicolispeciali.com\/de\/#organization\"},\"potentialAction\":[{\"@type\":\"SearchAction\",\"target\":{\"@type\":\"EntryPoint\",\"urlTemplate\":\"https:\/\/www.vsveicolispeciali.com\/de\/?s={search_term_string}\"},\"query-input\":{\"@type\":\"PropertyValueSpecification\",\"valueRequired\":true,\"valueName\":\"search_term_string\"}}],\"inLanguage\":\"de\"},{\"@type\":\"Organization\",\"@id\":\"https:\/\/www.vsveicolispeciali.com\/de\/#organization\",\"name\":\"VS Veicoli Speciali\",\"url\":\"https:\/\/www.vsveicolispeciali.com\/de\/\",\"logo\":{\"@type\":\"ImageObject\",\"inLanguage\":\"de\",\"@id\":\"https:\/\/www.vsveicolispeciali.com\/de\/#\/schema\/logo\/image\/\",\"url\":\"http:\/\/www.vsveicolispeciali.com\/wp-content\/uploads\/2015\/05\/vs_veicoli_speciali-logo.png\",\"contentUrl\":\"http:\/\/www.vsveicolispeciali.com\/wp-content\/uploads\/2015\/05\/vs_veicoli_speciali-logo.png\",\"width\":252,\"height\":134,\"caption\":\"VS Veicoli Speciali\"},\"image\":{\"@id\":\"https:\/\/www.vsveicolispeciali.com\/de\/#\/schema\/logo\/image\/\"},\"sameAs\":[\"https:\/\/www.facebook.com\/VSVeicoliSpeciali.Food.Trucks\/\",\"https:\/\/x.com\/veicolispeciali\",\"https:\/\/www.instagram.com\/vs_veicolispeciali\/\",\"https:\/\/www.linkedin.com\/company\/2811960\/\",\"https:\/\/www.pinterest.com\/streetfoodtruck\/\",\"https:\/\/www.youtube.com\/user\/veicolispeciali\"]}]}<\/script>\n<!-- \/ Yoast SEO plugin. -->","yoast_head_json":{"title":"Elektrische Ape mit Ausstattung als Foodtruck oder Gesch\u00e4ft auf Radern","description":"Piaggio Ape VCurve mit Elektromotor f\u00fcr stra\u00dfenverkaufs und ambulanter Handel. Verkaufswagen mit Lithiumbatterien und Photovoltaikzellen >","robots":{"index":"index","follow":"follow","max-snippet":"max-snippet:-1","max-image-preview":"max-image-preview:large","max-video-preview":"max-video-preview:-1"},"canonical":"https:\/\/www.vsveicolispeciali.com\/de\/vs-innovation-lab\/elektro-ape-vcurve\/","og_locale":"de_DE","og_type":"article","og_title":"Elektrische Ape mit Ausstattung als Foodtruck oder Gesch\u00e4ft auf Radern","og_description":"Piaggio Ape VCurve mit Elektromotor f\u00fcr stra\u00dfenverkaufs und ambulanter Handel. Verkaufswagen mit Lithiumbatterien und Photovoltaikzellen >","og_url":"https:\/\/www.vsveicolispeciali.com\/de\/vs-innovation-lab\/elektro-ape-vcurve\/","og_site_name":"VS Veicoli Speciali","article_publisher":"https:\/\/www.facebook.com\/VSVeicoliSpeciali.Food.Trucks\/","article_modified_time":"2023-01-25T11:43:19+00:00","twitter_card":"summary_large_image","twitter_site":"@veicolispeciali","twitter_misc":{"Gesch\u00e4tzte Lesezeit":"2\u00a0Minuten"},"schema":{"@context":"https:\/\/schema.org","@graph":[{"@type":"WebPage","@id":"https:\/\/www.vsveicolispeciali.com\/de\/vs-innovation-lab\/elektro-ape-vcurve\/","url":"https:\/\/www.vsveicolispeciali.com\/de\/vs-innovation-lab\/elektro-ape-vcurve\/","name":"Elektrische Ape mit Ausstattung als Foodtruck oder Gesch\u00e4ft auf Radern","isPartOf":{"@id":"https:\/\/www.vsveicolispeciali.com\/de\/#website"},"datePublished":"2021-11-17T19:32:45+00:00","dateModified":"2023-01-25T11:43:19+00:00","description":"Piaggio Ape VCurve mit Elektromotor f\u00fcr stra\u00dfenverkaufs und ambulanter Handel. Verkaufswagen mit Lithiumbatterien und Photovoltaikzellen >","breadcrumb":{"@id":"https:\/\/www.vsveicolispeciali.com\/de\/vs-innovation-lab\/elektro-ape-vcurve\/#breadcrumb"},"inLanguage":"de","potentialAction":[{"@type":"ReadAction","target":["https:\/\/www.vsveicolispeciali.com\/de\/vs-innovation-lab\/elektro-ape-vcurve\/"]}]},{"@type":"BreadcrumbList","@id":"https:\/\/www.vsveicolispeciali.com\/de\/vs-innovation-lab\/elektro-ape-vcurve\/#breadcrumb","itemListElement":[{"@type":"ListItem","position":1,"name":"Home","item":"https:\/\/www.vsveicolispeciali.com\/de\/"},{"@type":"ListItem","position":2,"name":"VS Innovation Lab","item":"https:\/\/www.vsveicolispeciali.com\/de\/vs-innovation-lab\/"},{"@type":"ListItem","position":3,"name":"Ape VCurve Electric"}]},{"@type":"WebSite","@id":"https:\/\/www.vsveicolispeciali.com\/de\/#website","url":"https:\/\/www.vsveicolispeciali.com\/de\/","name":"VS Veicoli Speciali","description":"","publisher":{"@id":"https:\/\/www.vsveicolispeciali.com\/de\/#organization"},"potentialAction":[{"@type":"SearchAction","target":{"@type":"EntryPoint","urlTemplate":"https:\/\/www.vsveicolispeciali.com\/de\/?s={search_term_string}"},"query-input":{"@type":"PropertyValueSpecification","valueRequired":true,"valueName":"search_term_string"}}],"inLanguage":"de"},{"@type":"Organization","@id":"https:\/\/www.vsveicolispeciali.com\/de\/#organization","name":"VS Veicoli Speciali","url":"https:\/\/www.vsveicolispeciali.com\/de\/","logo":{"@type":"ImageObject","inLanguage":"de","@id":"https:\/\/www.vsveicolispeciali.com\/de\/#\/schema\/logo\/image\/","url":"http:\/\/www.vsveicolispeciali.com\/wp-content\/uploads\/2015\/05\/vs_veicoli_speciali-logo.png","contentUrl":"http:\/\/www.vsveicolispeciali.com\/wp-content\/uploads\/2015\/05\/vs_veicoli_speciali-logo.png","width":252,"height":134,"caption":"VS Veicoli Speciali"},"image":{"@id":"https:\/\/www.vsveicolispeciali.com\/de\/#\/schema\/logo\/image\/"},"sameAs":["https:\/\/www.facebook.com\/VSVeicoliSpeciali.Food.Trucks\/","https:\/\/x.com\/veicolispeciali","https:\/\/www.instagram.com\/vs_veicolispeciali\/","https:\/\/www.linkedin.com\/company\/2811960\/","https:\/\/www.pinterest.com\/streetfoodtruck\/","https:\/\/www.youtube.com\/user\/veicolispeciali"]}]}},"_links":{"self":[{"href":"https:\/\/www.vsveicolispeciali.com\/de\/wp-json\/wp\/v2\/pages\/15202"}],"collection":[{"href":"https:\/\/www.vsveicolispeciali.com\/de\/wp-json\/wp\/v2\/pages"}],"about":[{"href":"https:\/\/www.vsveicolispeciali.com\/de\/wp-json\/wp\/v2\/types\/page"}],"author":[{"embeddable":true,"href":"https:\/\/www.vsveicolispeciali.com\/de\/wp-json\/wp\/v2\/users\/1001012"}],"replies":[{"embeddable":true,"href":"https:\/\/www.vsveicolispeciali.com\/de\/wp-json\/wp\/v2\/comments?post=15202"}],"version-history":[{"count":7,"href":"https:\/\/www.vsveicolispeciali.com\/de\/wp-json\/wp\/v2\/pages\/15202\/revisions"}],"predecessor-version":[{"id":16250,"href":"https:\/\/www.vsveicolispeciali.com\/de\/wp-json\/wp\/v2\/pages\/15202\/revisions\/16250"}],"up":[{"embeddable":true,"href":"https:\/\/www.vsveicolispeciali.com\/de\/wp-json\/wp\/v2\/pages\/15184"}],"wp:attachment":[{"href":"https:\/\/www.vsveicolispeciali.com\/de\/wp-json\/wp\/v2\/media?parent=15202"}],"curies":[{"name":"wp","href":"https:\/\/api.w.org\/{rel}","templated":true}]}}