{"id":15193,"date":"2021-11-17T23:05:07","date_gmt":"2021-11-17T22:05:07","guid":{"rendered":"http:\/\/vsveicolispeciali.com\/?page_id=15193"},"modified":"2023-02-07T11:23:11","modified_gmt":"2023-02-07T10:23:11","slug":"yield-trailer-elektro-verkaufsanhaenger","status":"publish","type":"page","link":"https:\/\/www.vsveicolispeciali.com\/de\/vs-innovation-lab\/yield-trailer-elektro-verkaufsanhaenger\/","title":{"rendered":"Yield Trailer &#8211; Ein Streetfood-Anh\u00e4nger Au\u00dfen klein, Innen gro\u00df"},"content":{"rendered":"<div class=\"wpb-content-wrapper\"><p>[vc_row css_animation=&#8220;&#8220; row_type=&#8220;row&#8220; use_row_as_full_screen_section=&#8220;no&#8220; type=&#8220;grid&#8220; angled_section=&#8220;no&#8220; text_align=&#8220;left&#8220; background_image_as_pattern=&#8220;without_pattern&#8220;][vc_column][vc_separator type=&#8220;transparent&#8220; thickness=&#8220;50&#8243; up=&#8220;0&#8243; down=&#8220;0&#8243;][vc_column_text]<\/p>\n<h2 style=\"text-align: center;\">ELEKTRO-ANH\u00c4NGER ALS MOBILE K\u00dcCHE ODER FAHRENDES GESCH\u00c4FT<\/h2>\n<p>[\/vc_column_text][vc_separator type=&#8220;small&#8220; position=&#8220;center&#8220;][vc_row_inner row_type=&#8220;row&#8220; type=&#8220;full_width&#8220; text_align=&#8220;left&#8220; css_animation=&#8220;&#8220;][vc_column_inner width=&#8220;1\/2&#8243;][vc_column_text]Der Yield Trailer ist ein umweltfreundlicher, modularer und leichter Anh\u00e4nger, der sowohl f\u00fcr den Lebensmittelverkauf als auch f\u00fcr den Einzelhandel eingerichtet werden kann. Dank seiner <strong>Batterie-\/Photovoltaik-Anlage<\/strong> funktioniert er auch mit Sonnenlicht. Sehr kleine Abmessungen im fahrenden Zustand, viel Platz beim Arbeiten bei angehobenem Dach im Betriebszustand.<\/p>\n<p>&nbsp;<\/p>\n<p>Ein <strong>Elektro-Anh\u00e4nger<\/strong> mit einzigartigem Design bis ins kleinste Detail verarbeitet. Da er sehr leicht ist, kann mit jedem Auto gezogen werden und man braucht keinen speziellen F\u00fchrerschein.<\/p>\n<p>&nbsp;<\/p>\n<p>Der Yield Trailer ist der erste <strong>komplett anpassbare<\/strong> Streetfood-Anh\u00e4nger mit einem konfigurierbaren Layout f\u00fcr verschiedene Produkttypen.[\/vc_column_text][\/vc_column_inner][vc_column_inner width=&#8220;1\/2&#8243;][vc_column_text]Der Yield Trailer ist auch der erste <strong>solarbetriebene <\/strong><a href=\"http:\/\/vsveicolispeciali.com\/de\/verkaufswagen-kaufen\/imbiss-verkaufsanhanger\/\" target=\"_blank\" rel=\"noopener\">Verkaufsanh\u00e4nger<\/a>, der durch ein System aus Batterien und Photovoltaikzellen gesteuert wird, das ihn unabh\u00e4ngig und mit jeder Arbeitsumgebung kompatibel macht.<\/p>\n<p>&nbsp;<\/p>\n<p>Er kann problemlos in \u00f6ffentlichen und privaten Bereichen aufgestellt werden. Sowohl im Freien als auch in geschlossenen Strukturen bietet er damit absolute Sicherheit <strong>ohne Emissionen<\/strong>. Klein und kompakt w\u00e4hrend der Fahrt, gro\u00df und gut sichtbar im ge\u00f6ffneten Zustand.<\/p>\n<p>&nbsp;<\/p>\n<p>Reduziertes Gewicht und geringe Abmessungen <strong>vereinfachen das logistische Management<\/strong>, w\u00e4hrend die ergonomisch durchdachten Ausstattungen die Zubereitung von Speisen und die Arbeit im Wagen erleichtern. Dar\u00fcber hinaus ist der Yield Trailer dank der reduzierten H\u00f6he der Verkaufstheke auch f\u00fcr die Kleinen leicht zug\u00e4nglich.[\/vc_column_text][\/vc_column_inner][\/vc_row_inner][\/vc_column][\/vc_row][vc_row css_animation=&#8220;&#8220; row_type=&#8220;row&#8220; use_row_as_full_screen_section=&#8220;no&#8220; type=&#8220;full_width&#8220; angled_section=&#8220;no&#8220; text_align=&#8220;left&#8220; background_image_as_pattern=&#8220;without_pattern&#8220; z_index=&#8220;&#8220; css=&#8220;.vc_custom_1662733729794{margin-top: 5% !important;margin-bottom: 5% !important;}&#8220;][vc_column][qode_elements_holder number_of_columns=&#8220;two_columns&#8220; columns_proportion=&#8220;66_33&#8243; switch_to_one_column=&#8220;1000&#8243;][qode_elements_holder_item vertical_alignment=&#8220;middle&#8220; advanced_animations=&#8220;no&#8220; background_color=&#8220;#0d3d66&#8243;][vc_gallery type=&#8220;flexslider_slide&#8220; interval=&#8220;5&#8243; images=&#8220;21357,21353,21361&#8243; img_size=&#8220;full&#8220;][\/qode_elements_holder_item][qode_elements_holder_item advanced_animations=&#8220;yes&#8220; start_position=&#8220;bottom&#8220; end_position=&#8220;center&#8220; background_color=&#8220;#000000&#8243; item_padding_1280_1440=&#8220;0% 15%&#8220; item_padding_1024_1280=&#8220;3% 6%&#8220; custom_class=&#8220;car-tecniche&#8220; item_padding_768_1024=&#8220;3% 6%&#8220; item_padding_600_768=&#8220;3% 6%&#8220; item_padding_480_600=&#8220;3% 6%&#8220; item_padding_480=&#8220;3% 6%&#8220; item_padding=&#8220;3% 6%&#8220;]<div class=\"qode-specification-list\">\n\t\t<div class=\"qode-specification-list-text-holder\">\n\t\t<h3 class=\"qode-specification-list-title\">\n\t\t\tYIELD TRAILER\t\t<\/h3>\n\t\t<div class=\"qode-specification-list-items\">\n\t\t\t\t\t\t\t<div class=\"qode-specification-list-item\">\n\t\t\t\t\t<span class=\"qode-specification-list-item-label\">\n\t\t\t\t\t\t&quot;EIN TRAILER AUF MENSCHLICHER EBENE&quot;\t\t\t\t\t<\/span>\n\t\t\t\t\t<span class=\"qode-specification-list-item-value\">\n\t\t\t\t\t\tIn geschlossenem Zustand ist die Struktur kompakt und niedrig, l\u00e4sst sich aber in Sekundenschnelle \u00f6ffnen und bietet eine menschengerechte Gestaltung. Au\u00dferdem erleichtert die ausziehbare Theke die Interaktion zwischen Bedienern und Kunden.\t\t\t\t\t<\/span>\n\t\t\t\t<\/div>\n\t\t\t\t\t\t\t<div class=\"qode-specification-list-item\">\n\t\t\t\t\t<span class=\"qode-specification-list-item-label\">\n\t\t\t\t\t\t&quot;DEIN TRANSPORTABLER MINILADEN&quot;\t\t\t\t\t<\/span>\n\t\t\t\t\t<span class=\"qode-specification-list-item-value\">\n\t\t\t\t\t\tUm deinen Yield-Trailer auf der Suche nach den besten Gesch\u00e4ftsm\u00f6glichkeiten von Ort zu Ort zu transportieren, was du brauchst ist nur ein F\u00fchrerschein B und ein beliebiges Auto.\t\t\t\t\t<\/span>\n\t\t\t\t<\/div>\n\t\t\t\t\t\t\t<div class=\"qode-specification-list-item\">\n\t\t\t\t\t<span class=\"qode-specification-list-item-label\">\n\t\t\t\t\t\t&quot;DEIN GESCH\u00c4FT \u00dcBERALL UND KLEINSTEM RAUM&quot;\t\t\t\t\t<\/span>\n\t\t\t\t\t<span class=\"qode-specification-list-item-value\">\n\t\t\t\t\t\tDank seiner kompakten Abmessungen l\u00e4sst sich der Yield auch auf engstem Raum problemlos unterbringen. Nach dem Abkuppeln kannst du das Fahrzeug, mit dem der Trailer gezogen wurde, zum Tanken und f\u00fcr andere Fahrten weiter nutzen.\t\t\t\t\t<\/span>\n\t\t\t\t<\/div>\n\t\t\t\t\t<\/div>\n\t<\/div>\n\t<\/div>[\/qode_elements_holder_item][\/qode_elements_holder][\/vc_column][\/vc_row][vc_row css_animation=&#8220;&#8220; row_type=&#8220;row&#8220; use_row_as_full_screen_section=&#8220;no&#8220; type=&#8220;grid&#8220; angled_section=&#8220;no&#8220; text_align=&#8220;left&#8220; background_image_as_pattern=&#8220;without_pattern&#8220;][vc_column][vc_row_inner row_type=&#8220;row&#8220; type=&#8220;full_width&#8220; text_align=&#8220;left&#8220; css_animation=&#8220;&#8220;][vc_column_inner width=&#8220;1\/2&#8243;][vc_column_text]Der Yield -Trailer verf\u00fcgt \u00fcber ausreichende Abmessungen, um den Verkauf vieler der beliebtesten <strong>Street-Food-Produkte<\/strong> selbstst\u00e4ndig abzuwickeln:<\/p>\n<ul class=\"lista\">\n<li>Eiscreme und Waffeln<\/li>\n<li>Pizza<\/li>\n<li>Kaffee<\/li>\n<li>Cr\u00eapes und Galettes<\/li>\n<li>Sandwiches<\/li>\n<li>Hamburger<\/li>\n<li>Hot Dogs<\/li>\n<li>Bier<\/li>\n<\/ul>\n<p>[\/vc_column_text][\/vc_column_inner][vc_column_inner width=&#8220;1\/2&#8243;][vc_column_text]Der Yield -Trailer kann auch <strong>als Unterst\u00fctzung<\/strong> f\u00fcr einen anderen <a href=\"http:\/\/www.vsveicolispeciali.com\/de\/verkaufswagen-kaufen\/food-truck-imbisswagen-kosten\/\">Food Truck<\/a> genutzt werden, um einen erg\u00e4nzenden Service anzubieten.<\/p>\n<p>&nbsp;<\/p>\n<p>In diesem Fall kann der Yield f\u00fcr die <strong>Zubereitung<\/strong> von Aperitifs, den Ausschank von Bier, als Cafeteria oder sogar als Bar f\u00fcr die Zubereitung von Cocktails und anderen Getr\u00e4nken eingerichtet werden.[\/vc_column_text][\/vc_column_inner][\/vc_row_inner][vc_separator type=&#8220;transparent&#8220; thickness=&#8220;40&#8243; up=&#8220;0&#8243; down=&#8220;0&#8243;][\/vc_column][\/vc_row][vc_row css_animation=&#8220;&#8220; row_type=&#8220;row&#8220; use_row_as_full_screen_section=&#8220;no&#8220; type=&#8220;full_width&#8220; angled_section=&#8220;no&#8220; text_align=&#8220;left&#8220; background_image_as_pattern=&#8220;without_pattern&#8220;][vc_column][vc_video link=&#8220;https:\/\/www.youtube.com\/watch?v=BixK0ScoYz4&#8243; align=&#8220;center&#8220;][\/vc_column][\/vc_row][vc_row css_animation=&#8220;&#8220; row_type=&#8220;row&#8220; use_row_as_full_screen_section=&#8220;no&#8220; type=&#8220;full_width&#8220; angled_section=&#8220;no&#8220; text_align=&#8220;left&#8220; background_image_as_pattern=&#8220;without_pattern&#8220;][vc_column]<a  itemprop=\"url\" href=\"http:\/\/vsveicolispeciali.com\/de\/kontakte\/\" target=\"_self\"  class=\"qbutton  big_large_full_width center enlarge\" style=\"\">kontaktieren sie uns<i class=\"qode_icon_font_awesome fa fa-envelope qode_button_icon_element\" style=\"\" ><\/i><\/a>[\/vc_column][\/vc_row]<\/p>\n<\/div>","protected":false},"excerpt":{"rendered":"<p>[vc_row css_animation=&#8220;&#8220; row_type=&#8220;row&#8220; use_row_as_full_screen_section=&#8220;no&#8220; type=&#8220;grid&#8220; angled_section=&#8220;no&#8220; text_align=&#8220;left&#8220; background_image_as_pattern=&#8220;without_pattern&#8220;][vc_column][vc_separator type=&#8220;transparent&#8220; thickness=&#8220;50&#8243; up=&#8220;0&#8243; down=&#8220;0&#8243;][vc_column_text] ELEKTRO-ANH\u00c4NGER ALS MOBILE K\u00dcCHE ODER FAHRENDES GESCH\u00c4FT [\/vc_column_text][vc_separator type=&#8220;small&#8220; position=&#8220;center&#8220;][vc_row_inner row_type=&#8220;row&#8220; type=&#8220;full_width&#8220; text_align=&#8220;left&#8220; css_animation=&#8220;&#8220;][vc_column_inner width=&#8220;1\/2&#8243;][vc_column_text]Der Yield Trailer ist ein umweltfreundlicher, modularer und leichter Anh\u00e4nger, der sowohl f\u00fcr den Lebensmittelverkauf als auch f\u00fcr den&#8230;<\/p>\n","protected":false},"author":1001012,"featured_media":0,"parent":15184,"menu_order":3,"comment_status":"closed","ping_status":"closed","template":"full_width.php","meta":{"footnotes":""},"class_list":["post-15193","page","type-page","status-publish","hentry"],"yoast_head":"<!-- This site is optimized with the Yoast SEO plugin v25.4 - https:\/\/yoast.com\/wordpress\/plugins\/seo\/ -->\n<title>Streetfood-Anh\u00e4nger, der von Au\u00dfen klein scheint, aber von Innen gro\u00df ist<\/title>\n<meta name=\"description\" content=\"Yield Trailer ist der erste solarbetriebene Streetfood-Anh\u00e4nger, der durch ein System aus Batterien und Photovoltaikzellen gesteuert wird &gt;\" \/>\n<meta name=\"robots\" content=\"index, follow, max-snippet:-1, max-image-preview:large, max-video-preview:-1\" \/>\n<link rel=\"canonical\" href=\"https:\/\/www.vsveicolispeciali.com\/de\/vs-innovation-lab\/yield-trailer-elektro-verkaufsanhaenger\/\" \/>\n<meta property=\"og:locale\" content=\"de_DE\" \/>\n<meta property=\"og:type\" content=\"article\" \/>\n<meta property=\"og:title\" content=\"Streetfood-Anh\u00e4nger, der von Au\u00dfen klein scheint, aber von Innen gro\u00df ist\" \/>\n<meta property=\"og:description\" content=\"Yield Trailer ist der erste solarbetriebene Streetfood-Anh\u00e4nger, der durch ein System aus Batterien und Photovoltaikzellen gesteuert wird &gt;\" \/>\n<meta property=\"og:url\" content=\"https:\/\/www.vsveicolispeciali.com\/de\/vs-innovation-lab\/yield-trailer-elektro-verkaufsanhaenger\/\" \/>\n<meta property=\"og:site_name\" content=\"VS Veicoli Speciali\" \/>\n<meta property=\"article:publisher\" content=\"https:\/\/www.facebook.com\/VSVeicoliSpeciali.Food.Trucks\/\" \/>\n<meta property=\"article:modified_time\" content=\"2023-02-07T10:23:11+00:00\" \/>\n<meta name=\"twitter:card\" content=\"summary_large_image\" \/>\n<meta name=\"twitter:site\" content=\"@veicolispeciali\" \/>\n<meta name=\"twitter:label1\" content=\"Gesch\u00e4tzte Lesezeit\" \/>\n\t<meta name=\"twitter:data1\" content=\"3\u00a0Minuten\" \/>\n<script type=\"application\/ld+json\" class=\"yoast-schema-graph\">{\"@context\":\"https:\/\/schema.org\",\"@graph\":[{\"@type\":\"WebPage\",\"@id\":\"https:\/\/www.vsveicolispeciali.com\/de\/vs-innovation-lab\/yield-trailer-elektro-verkaufsanhaenger\/\",\"url\":\"https:\/\/www.vsveicolispeciali.com\/de\/vs-innovation-lab\/yield-trailer-elektro-verkaufsanhaenger\/\",\"name\":\"Streetfood-Anh\u00e4nger, der von Au\u00dfen klein scheint, aber von Innen gro\u00df ist\",\"isPartOf\":{\"@id\":\"https:\/\/www.vsveicolispeciali.com\/de\/#website\"},\"datePublished\":\"2021-11-17T22:05:07+00:00\",\"dateModified\":\"2023-02-07T10:23:11+00:00\",\"description\":\"Yield Trailer ist der erste solarbetriebene Streetfood-Anh\u00e4nger, der durch ein System aus Batterien und Photovoltaikzellen gesteuert wird >\",\"breadcrumb\":{\"@id\":\"https:\/\/www.vsveicolispeciali.com\/de\/vs-innovation-lab\/yield-trailer-elektro-verkaufsanhaenger\/#breadcrumb\"},\"inLanguage\":\"de\",\"potentialAction\":[{\"@type\":\"ReadAction\",\"target\":[\"https:\/\/www.vsveicolispeciali.com\/de\/vs-innovation-lab\/yield-trailer-elektro-verkaufsanhaenger\/\"]}]},{\"@type\":\"BreadcrumbList\",\"@id\":\"https:\/\/www.vsveicolispeciali.com\/de\/vs-innovation-lab\/yield-trailer-elektro-verkaufsanhaenger\/#breadcrumb\",\"itemListElement\":[{\"@type\":\"ListItem\",\"position\":1,\"name\":\"Home\",\"item\":\"https:\/\/www.vsveicolispeciali.com\/de\/\"},{\"@type\":\"ListItem\",\"position\":2,\"name\":\"VS Innovation Lab\",\"item\":\"https:\/\/www.vsveicolispeciali.com\/de\/vs-innovation-lab\/\"},{\"@type\":\"ListItem\",\"position\":3,\"name\":\"Yield Trailer &#8211; Ein Streetfood-Anh\u00e4nger Au\u00dfen klein, Innen gro\u00df\"}]},{\"@type\":\"WebSite\",\"@id\":\"https:\/\/www.vsveicolispeciali.com\/de\/#website\",\"url\":\"https:\/\/www.vsveicolispeciali.com\/de\/\",\"name\":\"VS Veicoli Speciali\",\"description\":\"\",\"publisher\":{\"@id\":\"https:\/\/www.vsveicolispeciali.com\/de\/#organization\"},\"potentialAction\":[{\"@type\":\"SearchAction\",\"target\":{\"@type\":\"EntryPoint\",\"urlTemplate\":\"https:\/\/www.vsveicolispeciali.com\/de\/?s={search_term_string}\"},\"query-input\":{\"@type\":\"PropertyValueSpecification\",\"valueRequired\":true,\"valueName\":\"search_term_string\"}}],\"inLanguage\":\"de\"},{\"@type\":\"Organization\",\"@id\":\"https:\/\/www.vsveicolispeciali.com\/de\/#organization\",\"name\":\"VS Veicoli Speciali\",\"url\":\"https:\/\/www.vsveicolispeciali.com\/de\/\",\"logo\":{\"@type\":\"ImageObject\",\"inLanguage\":\"de\",\"@id\":\"https:\/\/www.vsveicolispeciali.com\/de\/#\/schema\/logo\/image\/\",\"url\":\"http:\/\/www.vsveicolispeciali.com\/wp-content\/uploads\/2015\/05\/vs_veicoli_speciali-logo.png\",\"contentUrl\":\"http:\/\/www.vsveicolispeciali.com\/wp-content\/uploads\/2015\/05\/vs_veicoli_speciali-logo.png\",\"width\":252,\"height\":134,\"caption\":\"VS Veicoli Speciali\"},\"image\":{\"@id\":\"https:\/\/www.vsveicolispeciali.com\/de\/#\/schema\/logo\/image\/\"},\"sameAs\":[\"https:\/\/www.facebook.com\/VSVeicoliSpeciali.Food.Trucks\/\",\"https:\/\/x.com\/veicolispeciali\",\"https:\/\/www.instagram.com\/vs_veicolispeciali\/\",\"https:\/\/www.linkedin.com\/company\/2811960\/\",\"https:\/\/www.pinterest.com\/streetfoodtruck\/\",\"https:\/\/www.youtube.com\/user\/veicolispeciali\"]}]}<\/script>\n<!-- \/ Yoast SEO plugin. -->","yoast_head_json":{"title":"Streetfood-Anh\u00e4nger, der von Au\u00dfen klein scheint, aber von Innen gro\u00df ist","description":"Yield Trailer ist der erste solarbetriebene Streetfood-Anh\u00e4nger, der durch ein System aus Batterien und Photovoltaikzellen gesteuert wird >","robots":{"index":"index","follow":"follow","max-snippet":"max-snippet:-1","max-image-preview":"max-image-preview:large","max-video-preview":"max-video-preview:-1"},"canonical":"https:\/\/www.vsveicolispeciali.com\/de\/vs-innovation-lab\/yield-trailer-elektro-verkaufsanhaenger\/","og_locale":"de_DE","og_type":"article","og_title":"Streetfood-Anh\u00e4nger, der von Au\u00dfen klein scheint, aber von Innen gro\u00df ist","og_description":"Yield Trailer ist der erste solarbetriebene Streetfood-Anh\u00e4nger, der durch ein System aus Batterien und Photovoltaikzellen gesteuert wird >","og_url":"https:\/\/www.vsveicolispeciali.com\/de\/vs-innovation-lab\/yield-trailer-elektro-verkaufsanhaenger\/","og_site_name":"VS Veicoli Speciali","article_publisher":"https:\/\/www.facebook.com\/VSVeicoliSpeciali.Food.Trucks\/","article_modified_time":"2023-02-07T10:23:11+00:00","twitter_card":"summary_large_image","twitter_site":"@veicolispeciali","twitter_misc":{"Gesch\u00e4tzte Lesezeit":"3\u00a0Minuten"},"schema":{"@context":"https:\/\/schema.org","@graph":[{"@type":"WebPage","@id":"https:\/\/www.vsveicolispeciali.com\/de\/vs-innovation-lab\/yield-trailer-elektro-verkaufsanhaenger\/","url":"https:\/\/www.vsveicolispeciali.com\/de\/vs-innovation-lab\/yield-trailer-elektro-verkaufsanhaenger\/","name":"Streetfood-Anh\u00e4nger, der von Au\u00dfen klein scheint, aber von Innen gro\u00df ist","isPartOf":{"@id":"https:\/\/www.vsveicolispeciali.com\/de\/#website"},"datePublished":"2021-11-17T22:05:07+00:00","dateModified":"2023-02-07T10:23:11+00:00","description":"Yield Trailer ist der erste solarbetriebene Streetfood-Anh\u00e4nger, der durch ein System aus Batterien und Photovoltaikzellen gesteuert wird >","breadcrumb":{"@id":"https:\/\/www.vsveicolispeciali.com\/de\/vs-innovation-lab\/yield-trailer-elektro-verkaufsanhaenger\/#breadcrumb"},"inLanguage":"de","potentialAction":[{"@type":"ReadAction","target":["https:\/\/www.vsveicolispeciali.com\/de\/vs-innovation-lab\/yield-trailer-elektro-verkaufsanhaenger\/"]}]},{"@type":"BreadcrumbList","@id":"https:\/\/www.vsveicolispeciali.com\/de\/vs-innovation-lab\/yield-trailer-elektro-verkaufsanhaenger\/#breadcrumb","itemListElement":[{"@type":"ListItem","position":1,"name":"Home","item":"https:\/\/www.vsveicolispeciali.com\/de\/"},{"@type":"ListItem","position":2,"name":"VS Innovation Lab","item":"https:\/\/www.vsveicolispeciali.com\/de\/vs-innovation-lab\/"},{"@type":"ListItem","position":3,"name":"Yield Trailer &#8211; Ein Streetfood-Anh\u00e4nger Au\u00dfen klein, Innen gro\u00df"}]},{"@type":"WebSite","@id":"https:\/\/www.vsveicolispeciali.com\/de\/#website","url":"https:\/\/www.vsveicolispeciali.com\/de\/","name":"VS Veicoli Speciali","description":"","publisher":{"@id":"https:\/\/www.vsveicolispeciali.com\/de\/#organization"},"potentialAction":[{"@type":"SearchAction","target":{"@type":"EntryPoint","urlTemplate":"https:\/\/www.vsveicolispeciali.com\/de\/?s={search_term_string}"},"query-input":{"@type":"PropertyValueSpecification","valueRequired":true,"valueName":"search_term_string"}}],"inLanguage":"de"},{"@type":"Organization","@id":"https:\/\/www.vsveicolispeciali.com\/de\/#organization","name":"VS Veicoli Speciali","url":"https:\/\/www.vsveicolispeciali.com\/de\/","logo":{"@type":"ImageObject","inLanguage":"de","@id":"https:\/\/www.vsveicolispeciali.com\/de\/#\/schema\/logo\/image\/","url":"http:\/\/www.vsveicolispeciali.com\/wp-content\/uploads\/2015\/05\/vs_veicoli_speciali-logo.png","contentUrl":"http:\/\/www.vsveicolispeciali.com\/wp-content\/uploads\/2015\/05\/vs_veicoli_speciali-logo.png","width":252,"height":134,"caption":"VS Veicoli Speciali"},"image":{"@id":"https:\/\/www.vsveicolispeciali.com\/de\/#\/schema\/logo\/image\/"},"sameAs":["https:\/\/www.facebook.com\/VSVeicoliSpeciali.Food.Trucks\/","https:\/\/x.com\/veicolispeciali","https:\/\/www.instagram.com\/vs_veicolispeciali\/","https:\/\/www.linkedin.com\/company\/2811960\/","https:\/\/www.pinterest.com\/streetfoodtruck\/","https:\/\/www.youtube.com\/user\/veicolispeciali"]}]}},"_links":{"self":[{"href":"https:\/\/www.vsveicolispeciali.com\/de\/wp-json\/wp\/v2\/pages\/15193"}],"collection":[{"href":"https:\/\/www.vsveicolispeciali.com\/de\/wp-json\/wp\/v2\/pages"}],"about":[{"href":"https:\/\/www.vsveicolispeciali.com\/de\/wp-json\/wp\/v2\/types\/page"}],"author":[{"embeddable":true,"href":"https:\/\/www.vsveicolispeciali.com\/de\/wp-json\/wp\/v2\/users\/1001012"}],"replies":[{"embeddable":true,"href":"https:\/\/www.vsveicolispeciali.com\/de\/wp-json\/wp\/v2\/comments?post=15193"}],"version-history":[{"count":10,"href":"https:\/\/www.vsveicolispeciali.com\/de\/wp-json\/wp\/v2\/pages\/15193\/revisions"}],"predecessor-version":[{"id":21453,"href":"https:\/\/www.vsveicolispeciali.com\/de\/wp-json\/wp\/v2\/pages\/15193\/revisions\/21453"}],"up":[{"embeddable":true,"href":"https:\/\/www.vsveicolispeciali.com\/de\/wp-json\/wp\/v2\/pages\/15184"}],"wp:attachment":[{"href":"https:\/\/www.vsveicolispeciali.com\/de\/wp-json\/wp\/v2\/media?parent=15193"}],"curies":[{"name":"wp","href":"https:\/\/api.w.org\/{rel}","templated":true}]}}